{"id":107,"date":"2023-08-14T14:35:53","date_gmt":"2023-08-14T12:35:53","guid":{"rendered":"https:\/\/caitriona-moughan-psy.com\/?page_id=107"},"modified":"2023-08-14T20:30:09","modified_gmt":"2023-08-14T18:30:09","slug":"conact","status":"publish","type":"page","link":"https:\/\/caitriona-moughan-psy.com\/index.php\/en\/conact\/","title":{"rendered":"Contact"},"content":{"rendered":"\n<div class=\"wp-block-contact-form-7-contact-form-selector\">\n<div class=\"wpcf7 no-js\" id=\"wpcf7-f151-o1\" lang=\"en-US\" dir=\"ltr\" data-wpcf7-id=\"151\">\n<div class=\"screen-reader-response\"><p role=\"status\" aria-live=\"polite\" aria-atomic=\"true\"><\/p> <ul><\/ul><\/div>\n<form action=\"\/index.php\/wp-json\/wp\/v2\/pages\/107#wpcf7-f151-o1\" method=\"post\" class=\"wpcf7-form init\" aria-label=\"Contact form\" novalidate=\"novalidate\" data-status=\"init\">\n<div style=\"display: none;\">\n<input type=\"hidden\" name=\"_wpcf7\" value=\"151\" \/>\n<input type=\"hidden\" name=\"_wpcf7_version\" value=\"6.0.3\" \/>\n<input type=\"hidden\" name=\"_wpcf7_locale\" value=\"en_US\" \/>\n<input type=\"hidden\" name=\"_wpcf7_unit_tag\" value=\"wpcf7-f151-o1\" \/>\n<input type=\"hidden\" name=\"_wpcf7_container_post\" value=\"0\" \/>\n<input type=\"hidden\" name=\"_wpcf7_posted_data_hash\" value=\"\" \/>\n<\/div>\n<p><label> Your name<br \/>\n<span class=\"wpcf7-form-control-wrap\" data-name=\"your-name\"><input size=\"40\" maxlength=\"400\" class=\"wpcf7-form-control wpcf7-text wpcf7-validates-as-required\" autocomplete=\"name\" aria-required=\"true\" aria-invalid=\"false\" value=\"\" type=\"text\" name=\"your-name\" \/><\/span> <\/label>\n<\/p>\n<p><label> Your email<br \/>\n<span class=\"wpcf7-form-control-wrap\" data-name=\"your-email\"><input size=\"40\" maxlength=\"400\" class=\"wpcf7-form-control wpcf7-email wpcf7-validates-as-required wpcf7-text wpcf7-validates-as-email\" autocomplete=\"email\" aria-required=\"true\" aria-invalid=\"false\" value=\"\" type=\"email\" name=\"your-email\" \/><\/span> <\/label>\n<\/p>\n<p><label> Subject<br \/>\n<span class=\"wpcf7-form-control-wrap\" data-name=\"your-subject\"><input size=\"40\" maxlength=\"400\" class=\"wpcf7-form-control wpcf7-text wpcf7-validates-as-required\" aria-required=\"true\" aria-invalid=\"false\" value=\"\" type=\"text\" name=\"your-subject\" \/><\/span> <\/label>\n<\/p>\n<p><label> Your message (optional)<br \/>\n<span class=\"wpcf7-form-control-wrap\" data-name=\"your-message\"><textarea cols=\"40\" rows=\"10\" maxlength=\"2000\" class=\"wpcf7-form-control wpcf7-textarea\" aria-invalid=\"false\" name=\"your-message\"><\/textarea><\/span> <\/label>\n<\/p>\n<p><input class=\"wpcf7-form-control wpcf7-submit has-spinner\" type=\"submit\" value=\"Submit\" \/>\n<\/p><div class=\"wpcf7-response-output\" aria-hidden=\"true\"><\/div>\n<\/form>\n<\/div>\n<\/div>\n\n\n\n<p><br>Address : 113 Cours Lafayette, 83000 Toulon <\/p>\n\n\n\n<p>Phone: 06 19 29 99 89<\/p>\n\n\n\n<iframe src=\"https:\/\/www.google.com\/maps\/embed?pb=!1m18!1m12!1m3!1d2912.249573882851!2d5.9338504!3d43.120283099999995!2m3!1f0!2f0!3f0!3m2!1i1024!2i768!4f13.1!3m3!1m2!1s0x12c91b0c580f18c7%3A0x9371c7c73b8f3117!2s113%20Cr%20Lafayette%2C%2083000%20Toulon!5e0!3m2!1sfr!2sfr!4v1691509781271!5m2!1sfr!2sfr\" width=\"700\" height=\"700\" style=\"border:0;\" allowfullscreen=\"\" loading=\"lazy\" referrerpolicy=\"no-referrer-when-downgrade\"><\/iframe>\n","protected":false},"excerpt":{"rendered":"<p>Address : 113 Cours Lafayette, 83000 Toulon Phone: 06 19 29 99 89<\/p>\n","protected":false},"author":1,"featured_media":0,"parent":0,"menu_order":3,"comment_status":"closed","ping_status":"closed","template":"","meta":{"footnotes":""},"class_list":["post-107","page","type-page","status-publish","hentry"],"yoast_head":"<!-- This site is optimized with the Yoast SEO plugin v24.2 - https:\/\/yoast.com\/wordpress\/plugins\/seo\/ -->\n<title>Contact - Caitriona Moughan<\/title>\n<meta name=\"description\" content=\"Caitriona Moughan psychologue clinicienne - (Psychologue, clinicien, Toulon, psychoth\u00e9rapie, psychoth\u00e9rapie de groupe, supervision, m\u00e9diations\" \/>\n<meta name=\"robots\" content=\"index, follow, max-snippet:-1, max-image-preview:large, max-video-preview:-1\" \/>\n<link rel=\"canonical\" href=\"https:\/\/caitriona-moughan-psy.com\/index.php\/en\/conact\/\" \/>\n<meta property=\"og:locale\" content=\"en_US\" \/>\n<meta property=\"og:type\" content=\"article\" \/>\n<meta property=\"og:title\" content=\"Contact - Caitriona Moughan\" \/>\n<meta property=\"og:description\" content=\"Caitriona Moughan psychologue clinicienne - (Psychologue, clinicien, Toulon, psychoth\u00e9rapie, psychoth\u00e9rapie de groupe, supervision, m\u00e9diations\" \/>\n<meta property=\"og:url\" content=\"https:\/\/caitriona-moughan-psy.com\/index.php\/en\/conact\/\" \/>\n<meta property=\"og:site_name\" content=\"Caitriona Moughan\" \/>\n<meta property=\"article:modified_time\" content=\"2023-08-14T18:30:09+00:00\" \/>\n<meta property=\"og:image\" content=\"https:\/\/caitriona-moughan-psy.com\/wp-content\/uploads\/2023\/08\/brain-1.png\" \/>\n\t<meta property=\"og:image:width\" content=\"512\" \/>\n\t<meta property=\"og:image:height\" content=\"512\" \/>\n\t<meta property=\"og:image:type\" content=\"image\/png\" \/>\n<meta name=\"twitter:card\" content=\"summary_large_image\" \/>\n<meta name=\"twitter:label1\" content=\"Est. reading time\" \/>\n\t<meta name=\"twitter:data1\" content=\"1 minute\" \/>\n<script type=\"application\/ld+json\" class=\"yoast-schema-graph\">{\"@context\":\"https:\/\/schema.org\",\"@graph\":[{\"@type\":\"WebPage\",\"@id\":\"https:\/\/caitriona-moughan-psy.com\/index.php\/en\/conact\/\",\"url\":\"https:\/\/caitriona-moughan-psy.com\/index.php\/en\/conact\/\",\"name\":\"Contact - Caitriona Moughan\",\"isPartOf\":{\"@id\":\"https:\/\/caitriona-moughan-psy.com\/#website\"},\"datePublished\":\"2023-08-14T12:35:53+00:00\",\"dateModified\":\"2023-08-14T18:30:09+00:00\",\"description\":\"Caitriona Moughan psychologue clinicienne - (Psychologue, clinicien, Toulon, psychoth\u00e9rapie, psychoth\u00e9rapie de groupe, supervision, m\u00e9diations\",\"breadcrumb\":{\"@id\":\"https:\/\/caitriona-moughan-psy.com\/index.php\/en\/conact\/#breadcrumb\"},\"inLanguage\":\"en-US\",\"potentialAction\":[{\"@type\":\"ReadAction\",\"target\":[\"https:\/\/caitriona-moughan-psy.com\/index.php\/en\/conact\/\"]}]},{\"@type\":\"BreadcrumbList\",\"@id\":\"https:\/\/caitriona-moughan-psy.com\/index.php\/en\/conact\/#breadcrumb\",\"itemListElement\":[{\"@type\":\"ListItem\",\"position\":1,\"name\":\"Home\",\"item\":\"https:\/\/caitriona-moughan-psy.com\/\"},{\"@type\":\"ListItem\",\"position\":2,\"name\":\"Contact\"}]},{\"@type\":\"WebSite\",\"@id\":\"https:\/\/caitriona-moughan-psy.com\/#website\",\"url\":\"https:\/\/caitriona-moughan-psy.com\/\",\"name\":\"Caitriona Moughan Psychologue clinicienne\",\"description\":\"Psychologue  clinicienne et psychoth\u00e9rapeute.\",\"publisher\":{\"@id\":\"https:\/\/caitriona-moughan-psy.com\/#organization\"},\"alternateName\":\"Psychologue clinicienne\",\"potentialAction\":[{\"@type\":\"SearchAction\",\"target\":{\"@type\":\"EntryPoint\",\"urlTemplate\":\"https:\/\/caitriona-moughan-psy.com\/?s={search_term_string}\"},\"query-input\":{\"@type\":\"PropertyValueSpecification\",\"valueRequired\":true,\"valueName\":\"search_term_string\"}}],\"inLanguage\":\"en-US\"},{\"@type\":\"Organization\",\"@id\":\"https:\/\/caitriona-moughan-psy.com\/#organization\",\"name\":\"Psychologue clinicienne - Caitriona Moughan\",\"alternateName\":\"Psychologue clinicienne - Caitriona Moughan\",\"url\":\"https:\/\/caitriona-moughan-psy.com\/\",\"logo\":{\"@type\":\"ImageObject\",\"inLanguage\":\"en-US\",\"@id\":\"https:\/\/caitriona-moughan-psy.com\/#\/schema\/logo\/image\/\",\"url\":\"https:\/\/caitriona-moughan-psy.com\/wp-content\/uploads\/2023\/08\/brain-1.png\",\"contentUrl\":\"https:\/\/caitriona-moughan-psy.com\/wp-content\/uploads\/2023\/08\/brain-1.png\",\"width\":512,\"height\":512,\"caption\":\"Psychologue clinicienne - Caitriona Moughan\"},\"image\":{\"@id\":\"https:\/\/caitriona-moughan-psy.com\/#\/schema\/logo\/image\/\"}}]}<\/script>\n<!-- \/ Yoast SEO plugin. -->","yoast_head_json":{"title":"Contact - Caitriona Moughan","description":"Caitriona Moughan psychologue clinicienne - (Psychologue, clinicien, Toulon, psychoth\u00e9rapie, psychoth\u00e9rapie de groupe, supervision, m\u00e9diations","robots":{"index":"index","follow":"follow","max-snippet":"max-snippet:-1","max-image-preview":"max-image-preview:large","max-video-preview":"max-video-preview:-1"},"canonical":"https:\/\/caitriona-moughan-psy.com\/index.php\/en\/conact\/","og_locale":"en_US","og_type":"article","og_title":"Contact - Caitriona Moughan","og_description":"Caitriona Moughan psychologue clinicienne - (Psychologue, clinicien, Toulon, psychoth\u00e9rapie, psychoth\u00e9rapie de groupe, supervision, m\u00e9diations","og_url":"https:\/\/caitriona-moughan-psy.com\/index.php\/en\/conact\/","og_site_name":"Caitriona Moughan","article_modified_time":"2023-08-14T18:30:09+00:00","og_image":[{"width":512,"height":512,"url":"https:\/\/caitriona-moughan-psy.com\/wp-content\/uploads\/2023\/08\/brain-1.png","type":"image\/png"}],"twitter_card":"summary_large_image","twitter_misc":{"Est. reading time":"1 minute"},"schema":{"@context":"https:\/\/schema.org","@graph":[{"@type":"WebPage","@id":"https:\/\/caitriona-moughan-psy.com\/index.php\/en\/conact\/","url":"https:\/\/caitriona-moughan-psy.com\/index.php\/en\/conact\/","name":"Contact - Caitriona Moughan","isPartOf":{"@id":"https:\/\/caitriona-moughan-psy.com\/#website"},"datePublished":"2023-08-14T12:35:53+00:00","dateModified":"2023-08-14T18:30:09+00:00","description":"Caitriona Moughan psychologue clinicienne - (Psychologue, clinicien, Toulon, psychoth\u00e9rapie, psychoth\u00e9rapie de groupe, supervision, m\u00e9diations","breadcrumb":{"@id":"https:\/\/caitriona-moughan-psy.com\/index.php\/en\/conact\/#breadcrumb"},"inLanguage":"en-US","potentialAction":[{"@type":"ReadAction","target":["https:\/\/caitriona-moughan-psy.com\/index.php\/en\/conact\/"]}]},{"@type":"BreadcrumbList","@id":"https:\/\/caitriona-moughan-psy.com\/index.php\/en\/conact\/#breadcrumb","itemListElement":[{"@type":"ListItem","position":1,"name":"Home","item":"https:\/\/caitriona-moughan-psy.com\/"},{"@type":"ListItem","position":2,"name":"Contact"}]},{"@type":"WebSite","@id":"https:\/\/caitriona-moughan-psy.com\/#website","url":"https:\/\/caitriona-moughan-psy.com\/","name":"Caitriona Moughan Psychologue clinicienne","description":"Psychologue  clinicienne et psychoth\u00e9rapeute.","publisher":{"@id":"https:\/\/caitriona-moughan-psy.com\/#organization"},"alternateName":"Psychologue clinicienne","potentialAction":[{"@type":"SearchAction","target":{"@type":"EntryPoint","urlTemplate":"https:\/\/caitriona-moughan-psy.com\/?s={search_term_string}"},"query-input":{"@type":"PropertyValueSpecification","valueRequired":true,"valueName":"search_term_string"}}],"inLanguage":"en-US"},{"@type":"Organization","@id":"https:\/\/caitriona-moughan-psy.com\/#organization","name":"Psychologue clinicienne - Caitriona Moughan","alternateName":"Psychologue clinicienne - Caitriona Moughan","url":"https:\/\/caitriona-moughan-psy.com\/","logo":{"@type":"ImageObject","inLanguage":"en-US","@id":"https:\/\/caitriona-moughan-psy.com\/#\/schema\/logo\/image\/","url":"https:\/\/caitriona-moughan-psy.com\/wp-content\/uploads\/2023\/08\/brain-1.png","contentUrl":"https:\/\/caitriona-moughan-psy.com\/wp-content\/uploads\/2023\/08\/brain-1.png","width":512,"height":512,"caption":"Psychologue clinicienne - Caitriona Moughan"},"image":{"@id":"https:\/\/caitriona-moughan-psy.com\/#\/schema\/logo\/image\/"}}]}},"_links":{"self":[{"href":"https:\/\/caitriona-moughan-psy.com\/index.php\/wp-json\/wp\/v2\/pages\/107","targetHints":{"allow":["GET"]}}],"collection":[{"href":"https:\/\/caitriona-moughan-psy.com\/index.php\/wp-json\/wp\/v2\/pages"}],"about":[{"href":"https:\/\/caitriona-moughan-psy.com\/index.php\/wp-json\/wp\/v2\/types\/page"}],"author":[{"embeddable":true,"href":"https:\/\/caitriona-moughan-psy.com\/index.php\/wp-json\/wp\/v2\/users\/1"}],"replies":[{"embeddable":true,"href":"https:\/\/caitriona-moughan-psy.com\/index.php\/wp-json\/wp\/v2\/comments?post=107"}],"version-history":[{"count":5,"href":"https:\/\/caitriona-moughan-psy.com\/index.php\/wp-json\/wp\/v2\/pages\/107\/revisions"}],"predecessor-version":[{"id":152,"href":"https:\/\/caitriona-moughan-psy.com\/index.php\/wp-json\/wp\/v2\/pages\/107\/revisions\/152"}],"wp:attachment":[{"href":"https:\/\/caitriona-moughan-psy.com\/index.php\/wp-json\/wp\/v2\/media?parent=107"}],"curies":[{"name":"wp","href":"https:\/\/api.w.org\/{rel}","templated":true}]}}