{"id":255,"date":"2023-08-25T10:17:55","date_gmt":"2023-08-25T08:17:55","guid":{"rendered":"https:\/\/caitriona-moughan-psy.com\/?page_id=255"},"modified":"2025-01-17T16:37:14","modified_gmt":"2025-01-17T15:37:14","slug":"pourquoi-consulter-un-psychologue-clinicien","status":"publish","type":"page","link":"https:\/\/caitriona-moughan-psy.com\/index.php\/pourquoi-consulter-un-psychologue-clinicien\/","title":{"rendered":"Pourquoi consulter un psychologue clinicien?"},"content":{"rendered":"\n<p class=\"has-black-color has-text-color\"><strong>Pourquoi consulter un psychologue clinicien ?<\/strong><\/p>\n\n\n\n<p>Cette d\u00e9cision peut venir du besoin que vous ressentez de faire un pas de c\u00f4t\u00e9 par rapport \u00e0 un quotidien source de souffrance, de mettre un sens sur ce que vous vivez, d\u2019explorer une angoisse, un sympt\u00f4me, une phobie ou une addiction source de handicap, d\u2019\u00eatre accompagn\u00e9 lors d\u2019un grand changement de vie, d\u2019une maladie somatique, d\u2019un travail de deuil .<\/p>\n\n\n\n<p>Professionnel, vous envisagez de faire des s\u00e9ances de supervision pour r\u00e9fl\u00e9chir \u00e0 la pratique et aux enjeux de votre profession, remettre de la distance et retrouver un positionnement plus juste pour vous.<\/p>\n","protected":false},"excerpt":{"rendered":"<p>Pourquoi consulter un psychologue clinicien ? Cette d\u00e9cision peut venir du besoin que vous ressentez de faire un pas de c\u00f4t\u00e9 par rapport \u00e0 un quotidien source de souffrance, de mettre un sens sur ce que vous vivez, d\u2019explorer une angoisse, un sympt\u00f4me, une phobie ou une addiction source de handicap, d\u2019\u00eatre accompagn\u00e9 lors d\u2019un &hellip; <\/p>\n<p class=\"link-more\"><a href=\"https:\/\/caitriona-moughan-psy.com\/index.php\/pourquoi-consulter-un-psychologue-clinicien\/\" class=\"more-link\">Continue reading<span class=\"screen-reader-text\"> &#8220;Pourquoi consulter un psychologue clinicien?&#8221;<\/span><\/a><\/p>\n","protected":false},"author":1,"featured_media":0,"parent":0,"menu_order":0,"comment_status":"closed","ping_status":"closed","template":"","meta":{"footnotes":""},"class_list":["post-255","page","type-page","status-publish","hentry"],"yoast_head":"<!-- This site is optimized with the Yoast SEO plugin v24.2 - https:\/\/yoast.com\/wordpress\/plugins\/seo\/ -->\n<title>Pourquoi consulter un psychologue clinicien? - Caitriona Moughan<\/title>\n<meta name=\"description\" content=\"Caitriona Moughan psychologue clinicienne - (Psychologue, clinicien, Toulon, psychoth\u00e9rapie, psychoth\u00e9rapie de groupe, supervision, m\u00e9diations\" \/>\n<meta name=\"robots\" content=\"index, follow, max-snippet:-1, max-image-preview:large, max-video-preview:-1\" \/>\n<link rel=\"canonical\" href=\"https:\/\/caitriona-moughan-psy.com\/index.php\/pourquoi-consulter-un-psychologue-clinicien\/\" \/>\n<meta property=\"og:locale\" content=\"en_US\" \/>\n<meta property=\"og:type\" content=\"article\" \/>\n<meta property=\"og:title\" content=\"Pourquoi consulter un psychologue clinicien? - Caitriona Moughan\" \/>\n<meta property=\"og:description\" content=\"Caitriona Moughan psychologue clinicienne - (Psychologue, clinicien, Toulon, psychoth\u00e9rapie, psychoth\u00e9rapie de groupe, supervision, m\u00e9diations\" \/>\n<meta property=\"og:url\" content=\"https:\/\/caitriona-moughan-psy.com\/index.php\/pourquoi-consulter-un-psychologue-clinicien\/\" \/>\n<meta property=\"og:site_name\" content=\"Caitriona Moughan\" \/>\n<meta property=\"article:modified_time\" content=\"2025-01-17T15:37:14+00:00\" \/>\n<meta property=\"og:image\" content=\"https:\/\/caitriona-moughan-psy.com\/wp-content\/uploads\/2023\/08\/brain-1.png\" \/>\n\t<meta property=\"og:image:width\" content=\"512\" \/>\n\t<meta property=\"og:image:height\" content=\"512\" \/>\n\t<meta property=\"og:image:type\" content=\"image\/png\" \/>\n<meta name=\"twitter:card\" content=\"summary_large_image\" \/>\n<meta name=\"twitter:label1\" content=\"Est. reading time\" \/>\n\t<meta name=\"twitter:data1\" content=\"1 minute\" \/>\n<script type=\"application\/ld+json\" class=\"yoast-schema-graph\">{\"@context\":\"https:\/\/schema.org\",\"@graph\":[{\"@type\":\"WebPage\",\"@id\":\"https:\/\/caitriona-moughan-psy.com\/index.php\/pourquoi-consulter-un-psychologue-clinicien\/\",\"url\":\"https:\/\/caitriona-moughan-psy.com\/index.php\/pourquoi-consulter-un-psychologue-clinicien\/\",\"name\":\"Pourquoi consulter un psychologue clinicien? - Caitriona Moughan\",\"isPartOf\":{\"@id\":\"https:\/\/caitriona-moughan-psy.com\/#website\"},\"datePublished\":\"2023-08-25T08:17:55+00:00\",\"dateModified\":\"2025-01-17T15:37:14+00:00\",\"description\":\"Caitriona Moughan psychologue clinicienne - (Psychologue, clinicien, Toulon, psychoth\u00e9rapie, psychoth\u00e9rapie de groupe, supervision, m\u00e9diations\",\"breadcrumb\":{\"@id\":\"https:\/\/caitriona-moughan-psy.com\/index.php\/pourquoi-consulter-un-psychologue-clinicien\/#breadcrumb\"},\"inLanguage\":\"en-US\",\"potentialAction\":[{\"@type\":\"ReadAction\",\"target\":[\"https:\/\/caitriona-moughan-psy.com\/index.php\/pourquoi-consulter-un-psychologue-clinicien\/\"]}]},{\"@type\":\"BreadcrumbList\",\"@id\":\"https:\/\/caitriona-moughan-psy.com\/index.php\/pourquoi-consulter-un-psychologue-clinicien\/#breadcrumb\",\"itemListElement\":[{\"@type\":\"ListItem\",\"position\":1,\"name\":\"Home\",\"item\":\"https:\/\/caitriona-moughan-psy.com\/\"},{\"@type\":\"ListItem\",\"position\":2,\"name\":\"Pourquoi consulter un psychologue clinicien?\"}]},{\"@type\":\"WebSite\",\"@id\":\"https:\/\/caitriona-moughan-psy.com\/#website\",\"url\":\"https:\/\/caitriona-moughan-psy.com\/\",\"name\":\"Caitriona Moughan Psychologue clinicienne\",\"description\":\"Psychologue  clinicienne et psychoth\u00e9rapeute.\",\"publisher\":{\"@id\":\"https:\/\/caitriona-moughan-psy.com\/#organization\"},\"alternateName\":\"Psychologue clinicienne\",\"potentialAction\":[{\"@type\":\"SearchAction\",\"target\":{\"@type\":\"EntryPoint\",\"urlTemplate\":\"https:\/\/caitriona-moughan-psy.com\/?s={search_term_string}\"},\"query-input\":{\"@type\":\"PropertyValueSpecification\",\"valueRequired\":true,\"valueName\":\"search_term_string\"}}],\"inLanguage\":\"en-US\"},{\"@type\":\"Organization\",\"@id\":\"https:\/\/caitriona-moughan-psy.com\/#organization\",\"name\":\"Psychologue clinicienne - Caitriona Moughan\",\"alternateName\":\"Psychologue clinicienne - Caitriona Moughan\",\"url\":\"https:\/\/caitriona-moughan-psy.com\/\",\"logo\":{\"@type\":\"ImageObject\",\"inLanguage\":\"en-US\",\"@id\":\"https:\/\/caitriona-moughan-psy.com\/#\/schema\/logo\/image\/\",\"url\":\"https:\/\/caitriona-moughan-psy.com\/wp-content\/uploads\/2023\/08\/brain-1.png\",\"contentUrl\":\"https:\/\/caitriona-moughan-psy.com\/wp-content\/uploads\/2023\/08\/brain-1.png\",\"width\":512,\"height\":512,\"caption\":\"Psychologue clinicienne - Caitriona Moughan\"},\"image\":{\"@id\":\"https:\/\/caitriona-moughan-psy.com\/#\/schema\/logo\/image\/\"}}]}<\/script>\n<!-- \/ Yoast SEO plugin. -->","yoast_head_json":{"title":"Pourquoi consulter un psychologue clinicien? - Caitriona Moughan","description":"Caitriona Moughan psychologue clinicienne - (Psychologue, clinicien, Toulon, psychoth\u00e9rapie, psychoth\u00e9rapie de groupe, supervision, m\u00e9diations","robots":{"index":"index","follow":"follow","max-snippet":"max-snippet:-1","max-image-preview":"max-image-preview:large","max-video-preview":"max-video-preview:-1"},"canonical":"https:\/\/caitriona-moughan-psy.com\/index.php\/pourquoi-consulter-un-psychologue-clinicien\/","og_locale":"en_US","og_type":"article","og_title":"Pourquoi consulter un psychologue clinicien? - Caitriona Moughan","og_description":"Caitriona Moughan psychologue clinicienne - (Psychologue, clinicien, Toulon, psychoth\u00e9rapie, psychoth\u00e9rapie de groupe, supervision, m\u00e9diations","og_url":"https:\/\/caitriona-moughan-psy.com\/index.php\/pourquoi-consulter-un-psychologue-clinicien\/","og_site_name":"Caitriona Moughan","article_modified_time":"2025-01-17T15:37:14+00:00","og_image":[{"width":512,"height":512,"url":"https:\/\/caitriona-moughan-psy.com\/wp-content\/uploads\/2023\/08\/brain-1.png","type":"image\/png"}],"twitter_card":"summary_large_image","twitter_misc":{"Est. reading time":"1 minute"},"schema":{"@context":"https:\/\/schema.org","@graph":[{"@type":"WebPage","@id":"https:\/\/caitriona-moughan-psy.com\/index.php\/pourquoi-consulter-un-psychologue-clinicien\/","url":"https:\/\/caitriona-moughan-psy.com\/index.php\/pourquoi-consulter-un-psychologue-clinicien\/","name":"Pourquoi consulter un psychologue clinicien? - Caitriona Moughan","isPartOf":{"@id":"https:\/\/caitriona-moughan-psy.com\/#website"},"datePublished":"2023-08-25T08:17:55+00:00","dateModified":"2025-01-17T15:37:14+00:00","description":"Caitriona Moughan psychologue clinicienne - (Psychologue, clinicien, Toulon, psychoth\u00e9rapie, psychoth\u00e9rapie de groupe, supervision, m\u00e9diations","breadcrumb":{"@id":"https:\/\/caitriona-moughan-psy.com\/index.php\/pourquoi-consulter-un-psychologue-clinicien\/#breadcrumb"},"inLanguage":"en-US","potentialAction":[{"@type":"ReadAction","target":["https:\/\/caitriona-moughan-psy.com\/index.php\/pourquoi-consulter-un-psychologue-clinicien\/"]}]},{"@type":"BreadcrumbList","@id":"https:\/\/caitriona-moughan-psy.com\/index.php\/pourquoi-consulter-un-psychologue-clinicien\/#breadcrumb","itemListElement":[{"@type":"ListItem","position":1,"name":"Home","item":"https:\/\/caitriona-moughan-psy.com\/"},{"@type":"ListItem","position":2,"name":"Pourquoi consulter un psychologue clinicien?"}]},{"@type":"WebSite","@id":"https:\/\/caitriona-moughan-psy.com\/#website","url":"https:\/\/caitriona-moughan-psy.com\/","name":"Caitriona Moughan Psychologue clinicienne","description":"Psychologue  clinicienne et psychoth\u00e9rapeute.","publisher":{"@id":"https:\/\/caitriona-moughan-psy.com\/#organization"},"alternateName":"Psychologue clinicienne","potentialAction":[{"@type":"SearchAction","target":{"@type":"EntryPoint","urlTemplate":"https:\/\/caitriona-moughan-psy.com\/?s={search_term_string}"},"query-input":{"@type":"PropertyValueSpecification","valueRequired":true,"valueName":"search_term_string"}}],"inLanguage":"en-US"},{"@type":"Organization","@id":"https:\/\/caitriona-moughan-psy.com\/#organization","name":"Psychologue clinicienne - Caitriona Moughan","alternateName":"Psychologue clinicienne - Caitriona Moughan","url":"https:\/\/caitriona-moughan-psy.com\/","logo":{"@type":"ImageObject","inLanguage":"en-US","@id":"https:\/\/caitriona-moughan-psy.com\/#\/schema\/logo\/image\/","url":"https:\/\/caitriona-moughan-psy.com\/wp-content\/uploads\/2023\/08\/brain-1.png","contentUrl":"https:\/\/caitriona-moughan-psy.com\/wp-content\/uploads\/2023\/08\/brain-1.png","width":512,"height":512,"caption":"Psychologue clinicienne - Caitriona Moughan"},"image":{"@id":"https:\/\/caitriona-moughan-psy.com\/#\/schema\/logo\/image\/"}}]}},"_links":{"self":[{"href":"https:\/\/caitriona-moughan-psy.com\/index.php\/wp-json\/wp\/v2\/pages\/255","targetHints":{"allow":["GET"]}}],"collection":[{"href":"https:\/\/caitriona-moughan-psy.com\/index.php\/wp-json\/wp\/v2\/pages"}],"about":[{"href":"https:\/\/caitriona-moughan-psy.com\/index.php\/wp-json\/wp\/v2\/types\/page"}],"author":[{"embeddable":true,"href":"https:\/\/caitriona-moughan-psy.com\/index.php\/wp-json\/wp\/v2\/users\/1"}],"replies":[{"embeddable":true,"href":"https:\/\/caitriona-moughan-psy.com\/index.php\/wp-json\/wp\/v2\/comments?post=255"}],"version-history":[{"count":5,"href":"https:\/\/caitriona-moughan-psy.com\/index.php\/wp-json\/wp\/v2\/pages\/255\/revisions"}],"predecessor-version":[{"id":489,"href":"https:\/\/caitriona-moughan-psy.com\/index.php\/wp-json\/wp\/v2\/pages\/255\/revisions\/489"}],"wp:attachment":[{"href":"https:\/\/caitriona-moughan-psy.com\/index.php\/wp-json\/wp\/v2\/media?parent=255"}],"curies":[{"name":"wp","href":"https:\/\/api.w.org\/{rel}","templated":true}]}}