{"id":305,"date":"2023-08-25T18:21:23","date_gmt":"2023-08-25T16:21:23","guid":{"rendered":"https:\/\/caitriona-moughan-psy.com\/?page_id=305"},"modified":"2025-01-17T18:40:29","modified_gmt":"2025-01-17T17:40:29","slug":"types-de-consultations","status":"publish","type":"page","link":"https:\/\/caitriona-moughan-psy.com\/index.php\/types-de-consultations\/","title":{"rendered":"Types de consultations\u00a0"},"content":{"rendered":"\n<p class=\"has-black-color has-text-color\"><strong>Types de consultations&nbsp;<\/strong><\/p>\n\n\n\n<p><strong>Adulte&nbsp;:<\/strong><\/p>\n\n\n\n<p>La d\u00e9marche d\u2019entreprendre une psychoth\u00e9rapie demande un certain courage m\u00eame pour un adulte. Il s\u2019agit d\u2019une situation de rencontre o\u00f9 vous allez communiquer une partie de votre mal-\u00eatre et formuler votre demande. Il est question d\u2019oser d\u00e9voiler une partie de votre int\u00e9riorit\u00e9 \u00e0 cette autre personne, psychologue clinicien, que vous ne connaissez pas encore dans l\u2019attente d\u2019\u00eatre entendu, compris. Lors des moments difficiles, douloureux, bouleversants, vous pouvez parfois nous renfermer dans un isolement, des non-dits et des impasses. Votre capacit\u00e9 \u00e0 rebondir et votre cr\u00e9ativit\u00e9 sont emp\u00each\u00e9es.<\/p>\n\n\n\n<p>La rencontre avec le psychologue clinicien peut permettre votre remise en mouvement sur le plan psychique, et une mise en perspective, voire une transformation des parts de vous en souffrance. Elle peut induire un changement de votre regard sur vous-m\u00eames et sur le monde et permettre l\u2019acc\u00e8s \u00e0 des prises de conscience. Parfois il est n\u00e9cessaire de revisiter des chapitres de votre histoire, et de recontacter des parts de vie psychique qui ont \u00e9t\u00e9 mises de c\u00f4t\u00e9, afin d\u2019aller de l\u2019avant. Le psychologue clinicien est celui qui vous accompagne dans ce cheminement, qui cherche \u00e0 comprendre avec vous ce qui s\u2019est jou\u00e9 pour vous au sein du groupe familial et culturel et pour retrouver la juste place et identit\u00e9 au sein de vos relations et  groupes d\u2019appartenance actuels.<\/p>\n\n\n\n<p>Ce qui se joue dans l\u2019actuel et le quotidien donne aussi des clefs pour la mise en sens de vos probl\u00e9matiques.<\/p>\n\n\n\n<p><strong>Enfant&nbsp;et adolescent :<\/strong><\/p>\n\n\n\n<p>TSA, TDAH, Haut Potentiel, enfants \u00ab&nbsp;pousse \u00e0 bout&nbsp;\u00bb, troubles d\u2019apprentissage, aujourd\u2019hui les \u00e9tiquettes ne manquent pas, et souvent nous pouvons \u00eatre trop focalis\u00e9s sur un diagnostic ou un sympt\u00f4me en perdant de vue qu\u2019il est question avant tout d\u2019une jeune personne qui est en difficult\u00e9 dans son rapport \u00e0 l\u2019environnement (la famille, l\u2019\u00e9cole) et par cons\u00e9quent dans son d\u00e9veloppement.<\/p>\n\n\n\n<p>Pour grandir, le jeune a besoin de retrouver un lien suffisamment apaisant avec l\u2019environnement.   <br>Le travail du clinicien est de r\u00e9instaurer un espace du lien et de s\u00e9curit\u00e9 avec et pour le jeune patient. Pour ce travail, j\u2019accorde une attention particuli\u00e8re au soutien, \u00e0 la parole et \u00e0 l\u2019alliance des parents.<\/p>\n\n\n\n<p>Il est pr\u00e9f\u00e9rable que les deux parents, et sinon au moins un des deux, soient pr\u00e9sents lors de la premi\u00e8re consultation (consultation d\u2019une heure) avant d\u2019entamer un travail individuel.<\/p>\n\n\n\n<p>Dans le cas de l\u2019enfant, mais aussi de l\u2019adolescent, je peux recourir \u00e0 une m\u00e9diation (Photolangage, dessin, jeux de r\u00f4le, exercices de respiration ou de visualisation) en fonction des besoins.<\/p>\n\n\n\n<p>L\u2019adolescence met \u00e0 l\u2019\u00e9preuve et d\u2019autant plus aujourd\u2019hui avec la culture des \u00e9crans et des r\u00e9seaux sociaux qui accentuent des ph\u00e9nom\u00e8nes tel que le harc\u00e8lement. Cette p\u00e9riode de vie, critique et d\u00e9terminante pour la vie adulte, n\u00e9cessite des remaniements internes&nbsp;:         le jeune sujet doit int\u00e9grer des changements corporels, parfois bouleversants, et \u00e0 la fois ren\u00e9gocier ce qu\u2019il va garder ou rejeter de son milieu d\u2019appartenance tout en trouvant des identifications acceptables aupr\u00e8s de ses pairs.<\/p>\n\n\n\n<p>Un espace d\u2019expression et de s\u00e9curit\u00e9 trouv\u00e9 avec le psychologue clinicien peut accompagner ce travail psychique et aider l\u2019adolescent \u00e0 trouver une place plus juste par rapport \u00e0 son entourage.<\/p>\n\n\n\n<p><strong>Couple&nbsp;:<\/strong><\/p>\n\n\n\n<p>Parfois le couple se trouve dans une impasse o\u00f9 les deux partenaires ne peuvent plus s\u2019entendre. L&#8217;objectif de la th\u00e9rapie de couple n&#8217;est pas de chercher \u00e0 \u00e9viter le conflit, mais plut\u00f4t de le faire \u00e9merger et de soutenir le potentiel des deux partenaires quant \u00e0 sa r\u00e9solution. Il est question de cr\u00e9er un espace d&#8217;\u00e9change, d&#8217;expression m\u00e9diatis\u00e9e qui permet \u00e0 chacun d\u2019exprimer ses attentes, ses sentiments de frustration, d&#8217;impuissance et de culpabilit\u00e9. Le but est d\u2019explorer ensemble si une nouvelle perspective est possible pour le couple.<\/p>\n\n\n\n<p><strong>Th\u00e9rapie familiale&nbsp;:<\/strong><\/p>\n\n\n\n<p>Le but de la th\u00e9rapie familiale est la restauration d\u2019un espace d\u2019\u00e9coute et d\u2019une capacit\u00e9 d&#8217;\u00e9change au sein du groupe-famille. Le psychologue clinicien accompagne ses membres \u00e0 exprimer leurs difficult\u00e9s et \u00e0 restituer&nbsp;la capacit\u00e9 de r\u00e9soudre des conflits. Chacun des membres sera invit\u00e9 \u00e0 interroger ses modes de communication, ses motivations, sa singularit\u00e9 et sa place.<\/p>\n\n\n\n<p>La th\u00e9rapie familiale tend vers la red\u00e9finition des r\u00f4les de chacun, la reconsolidation des liens et l\u2019initiation d\u2019une nouvelle dynamique.<\/p>\n\n\n\n<p><strong>Supervision&nbsp;:<\/strong><\/p>\n\n\n\n<p>Une souffrance trop grande li\u00e9e \u00e0 votre profession peut empi\u00e9ter sur votre vie personnelle, voire nuire \u00e0 celle-ci et \u00e0 votre sant\u00e9. Ceci est particuli\u00e8rement vrai pour les professionnels du soin et de l\u2019enseignement mais le burn-out et le harc\u00e8lement ne se limitent pas \u00e0 ces deux domaines.<\/p>\n\n\n\n<p>De nos jours, les institutions et entreprises peuvent parfois malmener, maltraiter les employ\u00e9s, et les espaces de soutien et d\u2019expression peuvent manquer. Un travail de supervision avec le psychologue clinicien peut vous permettre de revoir votre positionnement et de reprendre de la hauteur par rapport \u00e0 votre travail ou de repenser votre vie professionnelle, sa pratique et ses enjeux.<\/p>\n\n\n\n<p>La supervision peut \u00eatre r\u00e9guli\u00e8re ou \u00e0 la demande, en fonction des situations.<\/p>\n\n\n\n<p>Je propose des s\u00e9ances de supervision, individuelles et groupales (jusqu\u2019\u00e0 4 personnes dans mon cabinet). Je peux me d\u00e9placer sur l\u2019aire toulonnaise pour des s\u00e9ances de supervision groupales.<\/p>\n\n\n\n<p>La dur\u00e9e et le tarif de la s\u00e9ance sont adapt\u00e9s en fonction du nombre de personnes.<\/p>\n\n\n\n<p><strong>Psychoth\u00e9rapie de groupe&nbsp;:<\/strong><\/p>\n\n\n\n<p>Nous savons depuis l\u2019Antiquit\u00e9 que le groupe poss\u00e8de des propri\u00e9t\u00e9s psychoth\u00e9rapeutiques.<\/p>\n\n\n\n<p>Freud avance l\u2019id\u00e9e en 1913 que le groupe ne se r\u00e9duit pas \u00e0 la somme des individus qui le compose, mais dispose de structures, d\u2019organisation et de processus qui lui sont propres. De nombreux auteurs depuis Freud viennent soutenir et pr\u00e9ciser qu\u2019il y a des dynamiques et des processus \u00e0 l\u2019\u0153uvre dans le groupe th\u00e9rapeutique qui favorisent le soin et qui donnent acc\u00e8s \u00e0 des parts de soi qui sont inaccessibles autrement. Le groupe th\u00e9rapeutique permet des identifications mutuelles, apporte un encouragement r\u00e9ciproque et permet une composition ou une reprise de contact avec ses \u00e9motions.<\/p>\n\n\n\n<p>Le groupe \u00e0 m\u00e9diation est dot\u00e9 d\u2019une capacit\u00e9 particuli\u00e8re \u00e0 faire \u00e9merger et amorcer l\u2019\u00e9laboration des v\u00e9cus \u00e9prouvants voire traumatiques. Il est particuli\u00e8rement int\u00e9ressant dans le cas des adolescents pour aller vers la transformation des pulsions destructrices.<\/p>\n\n\n\n<p><\/p>\n\n\n\n<p>\u00c9valuation<strong>&nbsp;:<\/strong><\/p>\n\n\n\n<p>Je suis form\u00e9e \u00e0 l\u2019\u00e9valuation clinique. Celle-ci s\u2019effectue par le biais de l\u2019observation clinique, la passation des \u00e9preuves projectives (TAT, Rorschach) et \u00e9ventuellement la passation d\u2019une \u00e9preuve psychom\u00e9trique (Wais, Wisc 5).<\/p>\n","protected":false},"excerpt":{"rendered":"<p>Types de consultations&nbsp; Adulte&nbsp;: La d\u00e9marche d\u2019entreprendre une psychoth\u00e9rapie demande un certain courage m\u00eame pour un adulte. Il s\u2019agit d\u2019une situation de rencontre o\u00f9 vous allez communiquer une partie de votre mal-\u00eatre et formuler votre demande. Il est question d\u2019oser d\u00e9voiler une partie de votre int\u00e9riorit\u00e9 \u00e0 cette autre personne, psychologue clinicien, que vous ne &hellip; <\/p>\n<p class=\"link-more\"><a href=\"https:\/\/caitriona-moughan-psy.com\/index.php\/types-de-consultations\/\" class=\"more-link\">Continue reading<span class=\"screen-reader-text\"> &#8220;Types de consultations\u00a0&#8220;<\/span><\/a><\/p>\n","protected":false},"author":1,"featured_media":0,"parent":0,"menu_order":0,"comment_status":"closed","ping_status":"closed","template":"","meta":{"footnotes":""},"class_list":["post-305","page","type-page","status-publish","hentry"],"yoast_head":"<!-- This site is optimized with the Yoast SEO plugin v24.2 - https:\/\/yoast.com\/wordpress\/plugins\/seo\/ -->\n<title>Types de consultations\u00a0 - Caitriona Moughan<\/title>\n<meta name=\"description\" content=\"Caitriona Moughan psychologue clinicienne - (Psychologue, clinicien, Toulon, psychoth\u00e9rapie, psychoth\u00e9rapie de groupe, supervision, m\u00e9diations\" \/>\n<meta name=\"robots\" content=\"index, follow, max-snippet:-1, max-image-preview:large, max-video-preview:-1\" \/>\n<link rel=\"canonical\" href=\"https:\/\/caitriona-moughan-psy.com\/index.php\/types-de-consultations\/\" \/>\n<meta property=\"og:locale\" content=\"en_US\" \/>\n<meta property=\"og:type\" content=\"article\" \/>\n<meta property=\"og:title\" content=\"Types de consultations\u00a0 - Caitriona Moughan\" \/>\n<meta property=\"og:description\" content=\"Caitriona Moughan psychologue clinicienne - (Psychologue, clinicien, Toulon, psychoth\u00e9rapie, psychoth\u00e9rapie de groupe, supervision, m\u00e9diations\" \/>\n<meta property=\"og:url\" content=\"https:\/\/caitriona-moughan-psy.com\/index.php\/types-de-consultations\/\" \/>\n<meta property=\"og:site_name\" content=\"Caitriona Moughan\" \/>\n<meta property=\"article:modified_time\" content=\"2025-01-17T17:40:29+00:00\" \/>\n<meta property=\"og:image\" content=\"https:\/\/caitriona-moughan-psy.com\/wp-content\/uploads\/2023\/08\/brain-1.png\" \/>\n\t<meta property=\"og:image:width\" content=\"512\" \/>\n\t<meta property=\"og:image:height\" content=\"512\" \/>\n\t<meta property=\"og:image:type\" content=\"image\/png\" \/>\n<meta name=\"twitter:card\" content=\"summary_large_image\" \/>\n<meta name=\"twitter:label1\" content=\"Est. reading time\" \/>\n\t<meta name=\"twitter:data1\" content=\"5 minutes\" \/>\n<script type=\"application\/ld+json\" class=\"yoast-schema-graph\">{\"@context\":\"https:\/\/schema.org\",\"@graph\":[{\"@type\":\"WebPage\",\"@id\":\"https:\/\/caitriona-moughan-psy.com\/index.php\/types-de-consultations\/\",\"url\":\"https:\/\/caitriona-moughan-psy.com\/index.php\/types-de-consultations\/\",\"name\":\"Types de consultations\u00a0 - Caitriona Moughan\",\"isPartOf\":{\"@id\":\"https:\/\/caitriona-moughan-psy.com\/#website\"},\"datePublished\":\"2023-08-25T16:21:23+00:00\",\"dateModified\":\"2025-01-17T17:40:29+00:00\",\"description\":\"Caitriona Moughan psychologue clinicienne - (Psychologue, clinicien, Toulon, psychoth\u00e9rapie, psychoth\u00e9rapie de groupe, supervision, m\u00e9diations\",\"breadcrumb\":{\"@id\":\"https:\/\/caitriona-moughan-psy.com\/index.php\/types-de-consultations\/#breadcrumb\"},\"inLanguage\":\"en-US\",\"potentialAction\":[{\"@type\":\"ReadAction\",\"target\":[\"https:\/\/caitriona-moughan-psy.com\/index.php\/types-de-consultations\/\"]}]},{\"@type\":\"BreadcrumbList\",\"@id\":\"https:\/\/caitriona-moughan-psy.com\/index.php\/types-de-consultations\/#breadcrumb\",\"itemListElement\":[{\"@type\":\"ListItem\",\"position\":1,\"name\":\"Home\",\"item\":\"https:\/\/caitriona-moughan-psy.com\/\"},{\"@type\":\"ListItem\",\"position\":2,\"name\":\"Types de consultations\u00a0\"}]},{\"@type\":\"WebSite\",\"@id\":\"https:\/\/caitriona-moughan-psy.com\/#website\",\"url\":\"https:\/\/caitriona-moughan-psy.com\/\",\"name\":\"Caitriona Moughan Psychologue clinicienne\",\"description\":\"Psychologue  clinicienne et psychoth\u00e9rapeute.\",\"publisher\":{\"@id\":\"https:\/\/caitriona-moughan-psy.com\/#organization\"},\"alternateName\":\"Psychologue clinicienne\",\"potentialAction\":[{\"@type\":\"SearchAction\",\"target\":{\"@type\":\"EntryPoint\",\"urlTemplate\":\"https:\/\/caitriona-moughan-psy.com\/?s={search_term_string}\"},\"query-input\":{\"@type\":\"PropertyValueSpecification\",\"valueRequired\":true,\"valueName\":\"search_term_string\"}}],\"inLanguage\":\"en-US\"},{\"@type\":\"Organization\",\"@id\":\"https:\/\/caitriona-moughan-psy.com\/#organization\",\"name\":\"Psychologue clinicienne - Caitriona Moughan\",\"alternateName\":\"Psychologue clinicienne - Caitriona Moughan\",\"url\":\"https:\/\/caitriona-moughan-psy.com\/\",\"logo\":{\"@type\":\"ImageObject\",\"inLanguage\":\"en-US\",\"@id\":\"https:\/\/caitriona-moughan-psy.com\/#\/schema\/logo\/image\/\",\"url\":\"https:\/\/caitriona-moughan-psy.com\/wp-content\/uploads\/2023\/08\/brain-1.png\",\"contentUrl\":\"https:\/\/caitriona-moughan-psy.com\/wp-content\/uploads\/2023\/08\/brain-1.png\",\"width\":512,\"height\":512,\"caption\":\"Psychologue clinicienne - Caitriona Moughan\"},\"image\":{\"@id\":\"https:\/\/caitriona-moughan-psy.com\/#\/schema\/logo\/image\/\"}}]}<\/script>\n<!-- \/ Yoast SEO plugin. -->","yoast_head_json":{"title":"Types de consultations\u00a0 - Caitriona Moughan","description":"Caitriona Moughan psychologue clinicienne - (Psychologue, clinicien, Toulon, psychoth\u00e9rapie, psychoth\u00e9rapie de groupe, supervision, m\u00e9diations","robots":{"index":"index","follow":"follow","max-snippet":"max-snippet:-1","max-image-preview":"max-image-preview:large","max-video-preview":"max-video-preview:-1"},"canonical":"https:\/\/caitriona-moughan-psy.com\/index.php\/types-de-consultations\/","og_locale":"en_US","og_type":"article","og_title":"Types de consultations\u00a0 - Caitriona Moughan","og_description":"Caitriona Moughan psychologue clinicienne - (Psychologue, clinicien, Toulon, psychoth\u00e9rapie, psychoth\u00e9rapie de groupe, supervision, m\u00e9diations","og_url":"https:\/\/caitriona-moughan-psy.com\/index.php\/types-de-consultations\/","og_site_name":"Caitriona Moughan","article_modified_time":"2025-01-17T17:40:29+00:00","og_image":[{"width":512,"height":512,"url":"https:\/\/caitriona-moughan-psy.com\/wp-content\/uploads\/2023\/08\/brain-1.png","type":"image\/png"}],"twitter_card":"summary_large_image","twitter_misc":{"Est. reading time":"5 minutes"},"schema":{"@context":"https:\/\/schema.org","@graph":[{"@type":"WebPage","@id":"https:\/\/caitriona-moughan-psy.com\/index.php\/types-de-consultations\/","url":"https:\/\/caitriona-moughan-psy.com\/index.php\/types-de-consultations\/","name":"Types de consultations\u00a0 - Caitriona Moughan","isPartOf":{"@id":"https:\/\/caitriona-moughan-psy.com\/#website"},"datePublished":"2023-08-25T16:21:23+00:00","dateModified":"2025-01-17T17:40:29+00:00","description":"Caitriona Moughan psychologue clinicienne - (Psychologue, clinicien, Toulon, psychoth\u00e9rapie, psychoth\u00e9rapie de groupe, supervision, m\u00e9diations","breadcrumb":{"@id":"https:\/\/caitriona-moughan-psy.com\/index.php\/types-de-consultations\/#breadcrumb"},"inLanguage":"en-US","potentialAction":[{"@type":"ReadAction","target":["https:\/\/caitriona-moughan-psy.com\/index.php\/types-de-consultations\/"]}]},{"@type":"BreadcrumbList","@id":"https:\/\/caitriona-moughan-psy.com\/index.php\/types-de-consultations\/#breadcrumb","itemListElement":[{"@type":"ListItem","position":1,"name":"Home","item":"https:\/\/caitriona-moughan-psy.com\/"},{"@type":"ListItem","position":2,"name":"Types de consultations\u00a0"}]},{"@type":"WebSite","@id":"https:\/\/caitriona-moughan-psy.com\/#website","url":"https:\/\/caitriona-moughan-psy.com\/","name":"Caitriona Moughan Psychologue clinicienne","description":"Psychologue  clinicienne et psychoth\u00e9rapeute.","publisher":{"@id":"https:\/\/caitriona-moughan-psy.com\/#organization"},"alternateName":"Psychologue clinicienne","potentialAction":[{"@type":"SearchAction","target":{"@type":"EntryPoint","urlTemplate":"https:\/\/caitriona-moughan-psy.com\/?s={search_term_string}"},"query-input":{"@type":"PropertyValueSpecification","valueRequired":true,"valueName":"search_term_string"}}],"inLanguage":"en-US"},{"@type":"Organization","@id":"https:\/\/caitriona-moughan-psy.com\/#organization","name":"Psychologue clinicienne - Caitriona Moughan","alternateName":"Psychologue clinicienne - Caitriona Moughan","url":"https:\/\/caitriona-moughan-psy.com\/","logo":{"@type":"ImageObject","inLanguage":"en-US","@id":"https:\/\/caitriona-moughan-psy.com\/#\/schema\/logo\/image\/","url":"https:\/\/caitriona-moughan-psy.com\/wp-content\/uploads\/2023\/08\/brain-1.png","contentUrl":"https:\/\/caitriona-moughan-psy.com\/wp-content\/uploads\/2023\/08\/brain-1.png","width":512,"height":512,"caption":"Psychologue clinicienne - Caitriona Moughan"},"image":{"@id":"https:\/\/caitriona-moughan-psy.com\/#\/schema\/logo\/image\/"}}]}},"_links":{"self":[{"href":"https:\/\/caitriona-moughan-psy.com\/index.php\/wp-json\/wp\/v2\/pages\/305","targetHints":{"allow":["GET"]}}],"collection":[{"href":"https:\/\/caitriona-moughan-psy.com\/index.php\/wp-json\/wp\/v2\/pages"}],"about":[{"href":"https:\/\/caitriona-moughan-psy.com\/index.php\/wp-json\/wp\/v2\/types\/page"}],"author":[{"embeddable":true,"href":"https:\/\/caitriona-moughan-psy.com\/index.php\/wp-json\/wp\/v2\/users\/1"}],"replies":[{"embeddable":true,"href":"https:\/\/caitriona-moughan-psy.com\/index.php\/wp-json\/wp\/v2\/comments?post=305"}],"version-history":[{"count":12,"href":"https:\/\/caitriona-moughan-psy.com\/index.php\/wp-json\/wp\/v2\/pages\/305\/revisions"}],"predecessor-version":[{"id":457,"href":"https:\/\/caitriona-moughan-psy.com\/index.php\/wp-json\/wp\/v2\/pages\/305\/revisions\/457"}],"wp:attachment":[{"href":"https:\/\/caitriona-moughan-psy.com\/index.php\/wp-json\/wp\/v2\/media?parent=305"}],"curies":[{"name":"wp","href":"https:\/\/api.w.org\/{rel}","templated":true}]}}