{"id":310,"date":"2023-08-26T08:32:44","date_gmt":"2023-08-26T06:32:44","guid":{"rendered":"https:\/\/caitriona-moughan-psy.com\/?page_id=310"},"modified":"2025-01-17T18:36:24","modified_gmt":"2025-01-17T17:36:24","slug":"cadre-et-le-tarif-des-consultations","status":"publish","type":"page","link":"https:\/\/caitriona-moughan-psy.com\/index.php\/cadre-et-le-tarif-des-consultations\/","title":{"rendered":"Cadre et tarif des consultations"},"content":{"rendered":"\n<p class=\"has-black-color has-text-color\"><strong>Cadre et tarif des consultations<\/strong><\/p>\n\n\n\n<p>Lors du premier entretien, c\u2019est l\u2019occasion de faire connaissance, et c&#8217;est l&#8217;occasion pour vous d\u2019exprimer votre demande, vos besoins, votre contexte de vie et pour moi d\u2019expliciter le cadre du travail.<\/p>\n\n\n\n<p>Vous pourrez vous faire une id\u00e9e de qui je suis, des formes d\u2019accompagnement que je propose<em>.<\/em><\/p>\n\n\n\n<p>Ces \u00e9changes et mon observation me permettront de vous proposer ce qui semble  appropri\u00e9 pour vous et la fr\u00e9quence des consultations sera d\u00e9cid\u00e9 en fonction de vos possibilit\u00e9s.<\/p>\n\n\n\n<p>Consultation individuelle (45 minutes) : 60 \u20ac<\/p>\n\n\n\n<p>T\u00e9l\u00e9consultation : 60 \u20ac<\/p>\n\n\n\n<p>Consultation Parent(s)\/Enfant(s) (une heure) : 70 \u20ac<\/p>\n\n\n\n<p>Consultation Couple : 70 \u20ac<\/p>\n\n\n\n<p>Consultation de supervision groupale&nbsp;: dur\u00e9e et tarif \u00e0 d\u00e9terminer en fonction du nombre de personnes.<\/p>\n\n\n\n<p>Psychoth\u00e9rapie de groupe&nbsp;: dur\u00e9e et tarif \u00e0 d\u00e9terminer en fonction du nombre de personnes.<\/p>\n\n\n\n<p>Paiements accept\u00e9s : ch\u00e8que ou esp\u00e8ces, paypal pour les t\u00e9l\u00e9consultations.<\/p>\n\n\n\n<p>Pour tout report ou annulation, merci de bien vouloir me pr\u00e9venir 48 heures \u00e0 l&#8217;avance.<\/p>\n\n\n\n<p><em>Les consultations ne sont pas rembours\u00e9es par l&#8217;Assurance Maladie. Certaines mutuelles peuvent prendre en charge partiellement le co\u00fbt des s\u00e9ances.  Renseignez-vous.<\/em><\/p>\n\n\n\n<p class=\"has-black-color has-text-color\"><\/p>\n","protected":false},"excerpt":{"rendered":"<p>Cadre et tarif des consultations Lors du premier entretien, c\u2019est l\u2019occasion de faire connaissance, et c&#8217;est l&#8217;occasion pour vous d\u2019exprimer votre demande, vos besoins, votre contexte de vie et pour moi d\u2019expliciter le cadre du travail. Vous pourrez vous faire une id\u00e9e de qui je suis, des formes d\u2019accompagnement que je propose. Ces \u00e9changes et &hellip; <\/p>\n<p class=\"link-more\"><a href=\"https:\/\/caitriona-moughan-psy.com\/index.php\/cadre-et-le-tarif-des-consultations\/\" class=\"more-link\">Continue reading<span class=\"screen-reader-text\"> &#8220;Cadre et tarif des consultations&#8221;<\/span><\/a><\/p>\n","protected":false},"author":1,"featured_media":0,"parent":0,"menu_order":0,"comment_status":"closed","ping_status":"closed","template":"","meta":{"footnotes":""},"class_list":["post-310","page","type-page","status-publish","hentry"],"yoast_head":"<!-- This site is optimized with the Yoast SEO plugin v24.2 - https:\/\/yoast.com\/wordpress\/plugins\/seo\/ -->\n<title>Cadre et tarif des consultations - Caitriona Moughan<\/title>\n<meta name=\"description\" content=\"Caitriona Moughan psychologue clinicienne - (Psychologue, clinicien, Toulon, psychoth\u00e9rapie, psychoth\u00e9rapie de groupe, supervision, m\u00e9diations\" \/>\n<meta name=\"robots\" content=\"index, follow, max-snippet:-1, max-image-preview:large, max-video-preview:-1\" \/>\n<link rel=\"canonical\" href=\"https:\/\/caitriona-moughan-psy.com\/index.php\/cadre-et-le-tarif-des-consultations\/\" \/>\n<meta property=\"og:locale\" content=\"en_US\" \/>\n<meta property=\"og:type\" content=\"article\" \/>\n<meta property=\"og:title\" content=\"Cadre et tarif des consultations - Caitriona Moughan\" \/>\n<meta property=\"og:description\" content=\"Caitriona Moughan psychologue clinicienne - (Psychologue, clinicien, Toulon, psychoth\u00e9rapie, psychoth\u00e9rapie de groupe, supervision, m\u00e9diations\" \/>\n<meta property=\"og:url\" content=\"https:\/\/caitriona-moughan-psy.com\/index.php\/cadre-et-le-tarif-des-consultations\/\" \/>\n<meta property=\"og:site_name\" content=\"Caitriona Moughan\" \/>\n<meta property=\"article:modified_time\" content=\"2025-01-17T17:36:24+00:00\" \/>\n<meta property=\"og:image\" content=\"https:\/\/caitriona-moughan-psy.com\/wp-content\/uploads\/2023\/08\/brain-1.png\" \/>\n\t<meta property=\"og:image:width\" content=\"512\" \/>\n\t<meta property=\"og:image:height\" content=\"512\" \/>\n\t<meta property=\"og:image:type\" content=\"image\/png\" \/>\n<meta name=\"twitter:card\" content=\"summary_large_image\" \/>\n<meta name=\"twitter:label1\" content=\"Est. reading time\" \/>\n\t<meta name=\"twitter:data1\" content=\"1 minute\" \/>\n<script type=\"application\/ld+json\" class=\"yoast-schema-graph\">{\"@context\":\"https:\/\/schema.org\",\"@graph\":[{\"@type\":\"WebPage\",\"@id\":\"https:\/\/caitriona-moughan-psy.com\/index.php\/cadre-et-le-tarif-des-consultations\/\",\"url\":\"https:\/\/caitriona-moughan-psy.com\/index.php\/cadre-et-le-tarif-des-consultations\/\",\"name\":\"Cadre et tarif des consultations - Caitriona Moughan\",\"isPartOf\":{\"@id\":\"https:\/\/caitriona-moughan-psy.com\/#website\"},\"datePublished\":\"2023-08-26T06:32:44+00:00\",\"dateModified\":\"2025-01-17T17:36:24+00:00\",\"description\":\"Caitriona Moughan psychologue clinicienne - (Psychologue, clinicien, Toulon, psychoth\u00e9rapie, psychoth\u00e9rapie de groupe, supervision, m\u00e9diations\",\"breadcrumb\":{\"@id\":\"https:\/\/caitriona-moughan-psy.com\/index.php\/cadre-et-le-tarif-des-consultations\/#breadcrumb\"},\"inLanguage\":\"en-US\",\"potentialAction\":[{\"@type\":\"ReadAction\",\"target\":[\"https:\/\/caitriona-moughan-psy.com\/index.php\/cadre-et-le-tarif-des-consultations\/\"]}]},{\"@type\":\"BreadcrumbList\",\"@id\":\"https:\/\/caitriona-moughan-psy.com\/index.php\/cadre-et-le-tarif-des-consultations\/#breadcrumb\",\"itemListElement\":[{\"@type\":\"ListItem\",\"position\":1,\"name\":\"Home\",\"item\":\"https:\/\/caitriona-moughan-psy.com\/\"},{\"@type\":\"ListItem\",\"position\":2,\"name\":\"Cadre et tarif des consultations\"}]},{\"@type\":\"WebSite\",\"@id\":\"https:\/\/caitriona-moughan-psy.com\/#website\",\"url\":\"https:\/\/caitriona-moughan-psy.com\/\",\"name\":\"Caitriona Moughan Psychologue clinicienne\",\"description\":\"Psychologue  clinicienne et psychoth\u00e9rapeute.\",\"publisher\":{\"@id\":\"https:\/\/caitriona-moughan-psy.com\/#organization\"},\"alternateName\":\"Psychologue clinicienne\",\"potentialAction\":[{\"@type\":\"SearchAction\",\"target\":{\"@type\":\"EntryPoint\",\"urlTemplate\":\"https:\/\/caitriona-moughan-psy.com\/?s={search_term_string}\"},\"query-input\":{\"@type\":\"PropertyValueSpecification\",\"valueRequired\":true,\"valueName\":\"search_term_string\"}}],\"inLanguage\":\"en-US\"},{\"@type\":\"Organization\",\"@id\":\"https:\/\/caitriona-moughan-psy.com\/#organization\",\"name\":\"Psychologue clinicienne - Caitriona Moughan\",\"alternateName\":\"Psychologue clinicienne - Caitriona Moughan\",\"url\":\"https:\/\/caitriona-moughan-psy.com\/\",\"logo\":{\"@type\":\"ImageObject\",\"inLanguage\":\"en-US\",\"@id\":\"https:\/\/caitriona-moughan-psy.com\/#\/schema\/logo\/image\/\",\"url\":\"https:\/\/caitriona-moughan-psy.com\/wp-content\/uploads\/2023\/08\/brain-1.png\",\"contentUrl\":\"https:\/\/caitriona-moughan-psy.com\/wp-content\/uploads\/2023\/08\/brain-1.png\",\"width\":512,\"height\":512,\"caption\":\"Psychologue clinicienne - Caitriona Moughan\"},\"image\":{\"@id\":\"https:\/\/caitriona-moughan-psy.com\/#\/schema\/logo\/image\/\"}}]}<\/script>\n<!-- \/ Yoast SEO plugin. -->","yoast_head_json":{"title":"Cadre et tarif des consultations - Caitriona Moughan","description":"Caitriona Moughan psychologue clinicienne - (Psychologue, clinicien, Toulon, psychoth\u00e9rapie, psychoth\u00e9rapie de groupe, supervision, m\u00e9diations","robots":{"index":"index","follow":"follow","max-snippet":"max-snippet:-1","max-image-preview":"max-image-preview:large","max-video-preview":"max-video-preview:-1"},"canonical":"https:\/\/caitriona-moughan-psy.com\/index.php\/cadre-et-le-tarif-des-consultations\/","og_locale":"en_US","og_type":"article","og_title":"Cadre et tarif des consultations - Caitriona Moughan","og_description":"Caitriona Moughan psychologue clinicienne - (Psychologue, clinicien, Toulon, psychoth\u00e9rapie, psychoth\u00e9rapie de groupe, supervision, m\u00e9diations","og_url":"https:\/\/caitriona-moughan-psy.com\/index.php\/cadre-et-le-tarif-des-consultations\/","og_site_name":"Caitriona Moughan","article_modified_time":"2025-01-17T17:36:24+00:00","og_image":[{"width":512,"height":512,"url":"https:\/\/caitriona-moughan-psy.com\/wp-content\/uploads\/2023\/08\/brain-1.png","type":"image\/png"}],"twitter_card":"summary_large_image","twitter_misc":{"Est. reading time":"1 minute"},"schema":{"@context":"https:\/\/schema.org","@graph":[{"@type":"WebPage","@id":"https:\/\/caitriona-moughan-psy.com\/index.php\/cadre-et-le-tarif-des-consultations\/","url":"https:\/\/caitriona-moughan-psy.com\/index.php\/cadre-et-le-tarif-des-consultations\/","name":"Cadre et tarif des consultations - Caitriona Moughan","isPartOf":{"@id":"https:\/\/caitriona-moughan-psy.com\/#website"},"datePublished":"2023-08-26T06:32:44+00:00","dateModified":"2025-01-17T17:36:24+00:00","description":"Caitriona Moughan psychologue clinicienne - (Psychologue, clinicien, Toulon, psychoth\u00e9rapie, psychoth\u00e9rapie de groupe, supervision, m\u00e9diations","breadcrumb":{"@id":"https:\/\/caitriona-moughan-psy.com\/index.php\/cadre-et-le-tarif-des-consultations\/#breadcrumb"},"inLanguage":"en-US","potentialAction":[{"@type":"ReadAction","target":["https:\/\/caitriona-moughan-psy.com\/index.php\/cadre-et-le-tarif-des-consultations\/"]}]},{"@type":"BreadcrumbList","@id":"https:\/\/caitriona-moughan-psy.com\/index.php\/cadre-et-le-tarif-des-consultations\/#breadcrumb","itemListElement":[{"@type":"ListItem","position":1,"name":"Home","item":"https:\/\/caitriona-moughan-psy.com\/"},{"@type":"ListItem","position":2,"name":"Cadre et tarif des consultations"}]},{"@type":"WebSite","@id":"https:\/\/caitriona-moughan-psy.com\/#website","url":"https:\/\/caitriona-moughan-psy.com\/","name":"Caitriona Moughan Psychologue clinicienne","description":"Psychologue  clinicienne et psychoth\u00e9rapeute.","publisher":{"@id":"https:\/\/caitriona-moughan-psy.com\/#organization"},"alternateName":"Psychologue clinicienne","potentialAction":[{"@type":"SearchAction","target":{"@type":"EntryPoint","urlTemplate":"https:\/\/caitriona-moughan-psy.com\/?s={search_term_string}"},"query-input":{"@type":"PropertyValueSpecification","valueRequired":true,"valueName":"search_term_string"}}],"inLanguage":"en-US"},{"@type":"Organization","@id":"https:\/\/caitriona-moughan-psy.com\/#organization","name":"Psychologue clinicienne - Caitriona Moughan","alternateName":"Psychologue clinicienne - Caitriona Moughan","url":"https:\/\/caitriona-moughan-psy.com\/","logo":{"@type":"ImageObject","inLanguage":"en-US","@id":"https:\/\/caitriona-moughan-psy.com\/#\/schema\/logo\/image\/","url":"https:\/\/caitriona-moughan-psy.com\/wp-content\/uploads\/2023\/08\/brain-1.png","contentUrl":"https:\/\/caitriona-moughan-psy.com\/wp-content\/uploads\/2023\/08\/brain-1.png","width":512,"height":512,"caption":"Psychologue clinicienne - Caitriona Moughan"},"image":{"@id":"https:\/\/caitriona-moughan-psy.com\/#\/schema\/logo\/image\/"}}]}},"_links":{"self":[{"href":"https:\/\/caitriona-moughan-psy.com\/index.php\/wp-json\/wp\/v2\/pages\/310","targetHints":{"allow":["GET"]}}],"collection":[{"href":"https:\/\/caitriona-moughan-psy.com\/index.php\/wp-json\/wp\/v2\/pages"}],"about":[{"href":"https:\/\/caitriona-moughan-psy.com\/index.php\/wp-json\/wp\/v2\/types\/page"}],"author":[{"embeddable":true,"href":"https:\/\/caitriona-moughan-psy.com\/index.php\/wp-json\/wp\/v2\/users\/1"}],"replies":[{"embeddable":true,"href":"https:\/\/caitriona-moughan-psy.com\/index.php\/wp-json\/wp\/v2\/comments?post=310"}],"version-history":[{"count":10,"href":"https:\/\/caitriona-moughan-psy.com\/index.php\/wp-json\/wp\/v2\/pages\/310\/revisions"}],"predecessor-version":[{"id":471,"href":"https:\/\/caitriona-moughan-psy.com\/index.php\/wp-json\/wp\/v2\/pages\/310\/revisions\/471"}],"wp:attachment":[{"href":"https:\/\/caitriona-moughan-psy.com\/index.php\/wp-json\/wp\/v2\/media?parent=310"}],"curies":[{"name":"wp","href":"https:\/\/api.w.org\/{rel}","templated":true}]}}