{"id":312,"date":"2023-08-26T08:34:43","date_gmt":"2023-08-26T06:34:43","guid":{"rendered":"https:\/\/caitriona-moughan-psy.com\/?page_id=312"},"modified":"2025-01-17T18:39:03","modified_gmt":"2025-01-17T17:39:03","slug":"mon-parcours","status":"publish","type":"page","link":"https:\/\/caitriona-moughan-psy.com\/index.php\/mon-parcours\/","title":{"rendered":"Mon parcours"},"content":{"rendered":"<p class=\"has-black-color has-text-color\"><strong>Mon parcours<\/strong><\/p>\n<p>Si la psychologie me passionne depuis mon adolescence, j\u2019ai pourtant exerc\u00e9 dans le domaine de l\u2019enseignement aupr\u00e8s des adolescents pendant de nombreuses ann\u00e9es au sein de l\u2019\u00c9ducation Nationale avant de reprendre les \u00e9tudes pour devenir psychologue clinicienne.<\/p>\n<p>D\u2019embl\u00e9e je n\u2019\u00e9tais pas attir\u00e9e par la psychanalyse : j\u2019avais en t\u00eate une repr\u00e9sentation rigide et culpabilisante d\u2019une discipline qui renvoyait sans arr\u00eat les personnes \u00e0 leur pass\u00e9 et \u00e0 une certaine fatalit\u00e9. A mon sens, cette approche conduisait \u00e0 une impasse qui perdurait pendant des ann\u00e9es. Cependant j\u2019avais un grand int\u00e9r\u00eat pour les neurosciences et la psychologie sociale, et j\u2019ai donc valid\u00e9 mon dipl\u00f4me de Licence \u00e0 l\u2019Universit\u00e9 Clermont Auvergne. Ces \u00e9tudes ont \u00e9t\u00e9 int\u00e9ressantes mais la dimension humaine et l\u2019histoire du sujet dans sa singularit\u00e9 me manquaient.<\/p>\n<p>J\u2019ai trouv\u00e9 l\u2019approche psychanalytique qui me correspondait \u00e0 l\u2019Universit\u00e9 Lyon 2\u00a0: celle-ci prend en compte l\u2019histoire du sujet mais aussi le corps et la dimension du groupe. Cette facult\u00e9 enseigne une pratique clinique qui consid\u00e8re non seulement le langage verbal mais aussi les langages du corps, les apports de la psychanalyse du groupe, de la clinique du nourrisson, la clinique du somatique, et parfois les apports des neurosciences.<\/p>\n<p>Quant aux exp\u00e9riences professionnelles, j\u2019ai choisi de me former en psychiatrie car dans ce lieu de soin je suis toujours \u00e9tonn\u00e9e par l\u2019originalit\u00e9 de la rencontre et aussi par la capacit\u00e9 du sujet \u00e0 rebondir et \u00e0 se remettre en lien avec ses ressources. J\u2019ai eu la chance de travailler dans des services psychiatriques (pour adulte et pour adolescent) qui pratiquaient \u00e0 la fois des approches individuelles et groupales et des m\u00e9diations corporelles. Par ailleurs, j\u2019ai pu pendant trois ans cumuler des exp\u00e9riences en tant que stagiaire psychologue et psychologue au sein de l\u2019\u00c9ducation Nationale au premier et second degr\u00e9. Le travail aupr\u00e8s des adolescents et des enfants m\u2019a permis d\u2019appr\u00e9cier l\u2019immense travail de collaboration avec les partenaires (familles, structures de soin \u00e0 vocation m\u00e9dico-sociale, associations et structures traitant le handicap psychique).<\/p>\n<p>Lors de ce parcours, j\u2019ai pu \u00e9prouver le s\u00e9rieux inh\u00e9rent \u00e0 la place du clinicien face \u00e0 ses responsabilit\u00e9s. Je retiens la singularit\u00e9 de ma rencontre avec chaque sujet (adulte, enfant, adolescent, b\u00e9b\u00e9, ou personne \u00e2g\u00e9e) et chaque groupe (\u00e9quipe soignante, \u00e9quipe p\u00e9dagogique, groupe-famille, groupe-institution), leurs capacit\u00e9s \u00e0 \u00e9voluer, \u00e0 s\u2019adapter et \u00e0 retrouver leur cr\u00e9ativit\u00e9 en d\u00e9pit des \u00e9preuves et des v\u00e9cus \u00e9prouvants voire traumatiques.<\/p>\n<p class=\"has-black-color has-text-color\">\n","protected":false},"excerpt":{"rendered":"<p>Mon parcours Si la psychologie me passionne depuis mon adolescence, j\u2019ai pourtant exerc\u00e9 dans le domaine de l\u2019enseignement aupr\u00e8s des adolescents pendant de nombreuses ann\u00e9es au sein de l\u2019\u00c9ducation Nationale avant de reprendre les \u00e9tudes pour devenir psychologue clinicienne. D\u2019embl\u00e9e je n\u2019\u00e9tais pas attir\u00e9e par la psychanalyse : j\u2019avais en t\u00eate une repr\u00e9sentation rigide et &hellip; <\/p>\n<p class=\"link-more\"><a href=\"https:\/\/caitriona-moughan-psy.com\/index.php\/mon-parcours\/\" class=\"more-link\">Continue reading<span class=\"screen-reader-text\"> &#8220;Mon parcours&#8221;<\/span><\/a><\/p>\n","protected":false},"author":1,"featured_media":0,"parent":0,"menu_order":0,"comment_status":"closed","ping_status":"closed","template":"","meta":{"footnotes":""},"class_list":["post-312","page","type-page","status-publish","hentry"],"yoast_head":"<!-- This site is optimized with the Yoast SEO plugin v24.2 - https:\/\/yoast.com\/wordpress\/plugins\/seo\/ -->\n<title>Mon parcours - Caitriona Moughan<\/title>\n<meta name=\"description\" content=\"Caitriona Moughan psychologue clinicienne - (Psychologue, clinicien, Toulon, psychoth\u00e9rapie, psychoth\u00e9rapie de groupe, supervision, m\u00e9diations\" \/>\n<meta name=\"robots\" content=\"index, follow, max-snippet:-1, max-image-preview:large, max-video-preview:-1\" \/>\n<link rel=\"canonical\" href=\"https:\/\/caitriona-moughan-psy.com\/index.php\/mon-parcours\/\" \/>\n<meta property=\"og:locale\" content=\"en_US\" \/>\n<meta property=\"og:type\" content=\"article\" \/>\n<meta property=\"og:title\" content=\"Mon parcours - Caitriona Moughan\" \/>\n<meta property=\"og:description\" content=\"Caitriona Moughan psychologue clinicienne - (Psychologue, clinicien, Toulon, psychoth\u00e9rapie, psychoth\u00e9rapie de groupe, supervision, m\u00e9diations\" \/>\n<meta property=\"og:url\" content=\"https:\/\/caitriona-moughan-psy.com\/index.php\/mon-parcours\/\" \/>\n<meta property=\"og:site_name\" content=\"Caitriona Moughan\" \/>\n<meta property=\"article:modified_time\" content=\"2025-01-17T17:39:03+00:00\" \/>\n<meta property=\"og:image\" content=\"https:\/\/caitriona-moughan-psy.com\/wp-content\/uploads\/2023\/08\/brain-1.png\" \/>\n\t<meta property=\"og:image:width\" content=\"512\" \/>\n\t<meta property=\"og:image:height\" content=\"512\" \/>\n\t<meta property=\"og:image:type\" content=\"image\/png\" \/>\n<meta name=\"twitter:card\" content=\"summary_large_image\" \/>\n<meta name=\"twitter:label1\" content=\"Est. reading time\" \/>\n\t<meta name=\"twitter:data1\" content=\"2 minutes\" \/>\n<script type=\"application\/ld+json\" class=\"yoast-schema-graph\">{\"@context\":\"https:\/\/schema.org\",\"@graph\":[{\"@type\":\"WebPage\",\"@id\":\"https:\/\/caitriona-moughan-psy.com\/index.php\/mon-parcours\/\",\"url\":\"https:\/\/caitriona-moughan-psy.com\/index.php\/mon-parcours\/\",\"name\":\"Mon parcours - Caitriona Moughan\",\"isPartOf\":{\"@id\":\"https:\/\/caitriona-moughan-psy.com\/#website\"},\"datePublished\":\"2023-08-26T06:34:43+00:00\",\"dateModified\":\"2025-01-17T17:39:03+00:00\",\"description\":\"Caitriona Moughan psychologue clinicienne - (Psychologue, clinicien, Toulon, psychoth\u00e9rapie, psychoth\u00e9rapie de groupe, supervision, m\u00e9diations\",\"breadcrumb\":{\"@id\":\"https:\/\/caitriona-moughan-psy.com\/index.php\/mon-parcours\/#breadcrumb\"},\"inLanguage\":\"en-US\",\"potentialAction\":[{\"@type\":\"ReadAction\",\"target\":[\"https:\/\/caitriona-moughan-psy.com\/index.php\/mon-parcours\/\"]}]},{\"@type\":\"BreadcrumbList\",\"@id\":\"https:\/\/caitriona-moughan-psy.com\/index.php\/mon-parcours\/#breadcrumb\",\"itemListElement\":[{\"@type\":\"ListItem\",\"position\":1,\"name\":\"Home\",\"item\":\"https:\/\/caitriona-moughan-psy.com\/\"},{\"@type\":\"ListItem\",\"position\":2,\"name\":\"Mon parcours\"}]},{\"@type\":\"WebSite\",\"@id\":\"https:\/\/caitriona-moughan-psy.com\/#website\",\"url\":\"https:\/\/caitriona-moughan-psy.com\/\",\"name\":\"Caitriona Moughan Psychologue clinicienne\",\"description\":\"Psychologue  clinicienne et psychoth\u00e9rapeute.\",\"publisher\":{\"@id\":\"https:\/\/caitriona-moughan-psy.com\/#organization\"},\"alternateName\":\"Psychologue clinicienne\",\"potentialAction\":[{\"@type\":\"SearchAction\",\"target\":{\"@type\":\"EntryPoint\",\"urlTemplate\":\"https:\/\/caitriona-moughan-psy.com\/?s={search_term_string}\"},\"query-input\":{\"@type\":\"PropertyValueSpecification\",\"valueRequired\":true,\"valueName\":\"search_term_string\"}}],\"inLanguage\":\"en-US\"},{\"@type\":\"Organization\",\"@id\":\"https:\/\/caitriona-moughan-psy.com\/#organization\",\"name\":\"Psychologue clinicienne - Caitriona Moughan\",\"alternateName\":\"Psychologue clinicienne - Caitriona Moughan\",\"url\":\"https:\/\/caitriona-moughan-psy.com\/\",\"logo\":{\"@type\":\"ImageObject\",\"inLanguage\":\"en-US\",\"@id\":\"https:\/\/caitriona-moughan-psy.com\/#\/schema\/logo\/image\/\",\"url\":\"https:\/\/caitriona-moughan-psy.com\/wp-content\/uploads\/2023\/08\/brain-1.png\",\"contentUrl\":\"https:\/\/caitriona-moughan-psy.com\/wp-content\/uploads\/2023\/08\/brain-1.png\",\"width\":512,\"height\":512,\"caption\":\"Psychologue clinicienne - Caitriona Moughan\"},\"image\":{\"@id\":\"https:\/\/caitriona-moughan-psy.com\/#\/schema\/logo\/image\/\"}}]}<\/script>\n<!-- \/ Yoast SEO plugin. -->","yoast_head_json":{"title":"Mon parcours - Caitriona Moughan","description":"Caitriona Moughan psychologue clinicienne - (Psychologue, clinicien, Toulon, psychoth\u00e9rapie, psychoth\u00e9rapie de groupe, supervision, m\u00e9diations","robots":{"index":"index","follow":"follow","max-snippet":"max-snippet:-1","max-image-preview":"max-image-preview:large","max-video-preview":"max-video-preview:-1"},"canonical":"https:\/\/caitriona-moughan-psy.com\/index.php\/mon-parcours\/","og_locale":"en_US","og_type":"article","og_title":"Mon parcours - Caitriona Moughan","og_description":"Caitriona Moughan psychologue clinicienne - (Psychologue, clinicien, Toulon, psychoth\u00e9rapie, psychoth\u00e9rapie de groupe, supervision, m\u00e9diations","og_url":"https:\/\/caitriona-moughan-psy.com\/index.php\/mon-parcours\/","og_site_name":"Caitriona Moughan","article_modified_time":"2025-01-17T17:39:03+00:00","og_image":[{"width":512,"height":512,"url":"https:\/\/caitriona-moughan-psy.com\/wp-content\/uploads\/2023\/08\/brain-1.png","type":"image\/png"}],"twitter_card":"summary_large_image","twitter_misc":{"Est. reading time":"2 minutes"},"schema":{"@context":"https:\/\/schema.org","@graph":[{"@type":"WebPage","@id":"https:\/\/caitriona-moughan-psy.com\/index.php\/mon-parcours\/","url":"https:\/\/caitriona-moughan-psy.com\/index.php\/mon-parcours\/","name":"Mon parcours - Caitriona Moughan","isPartOf":{"@id":"https:\/\/caitriona-moughan-psy.com\/#website"},"datePublished":"2023-08-26T06:34:43+00:00","dateModified":"2025-01-17T17:39:03+00:00","description":"Caitriona Moughan psychologue clinicienne - (Psychologue, clinicien, Toulon, psychoth\u00e9rapie, psychoth\u00e9rapie de groupe, supervision, m\u00e9diations","breadcrumb":{"@id":"https:\/\/caitriona-moughan-psy.com\/index.php\/mon-parcours\/#breadcrumb"},"inLanguage":"en-US","potentialAction":[{"@type":"ReadAction","target":["https:\/\/caitriona-moughan-psy.com\/index.php\/mon-parcours\/"]}]},{"@type":"BreadcrumbList","@id":"https:\/\/caitriona-moughan-psy.com\/index.php\/mon-parcours\/#breadcrumb","itemListElement":[{"@type":"ListItem","position":1,"name":"Home","item":"https:\/\/caitriona-moughan-psy.com\/"},{"@type":"ListItem","position":2,"name":"Mon parcours"}]},{"@type":"WebSite","@id":"https:\/\/caitriona-moughan-psy.com\/#website","url":"https:\/\/caitriona-moughan-psy.com\/","name":"Caitriona Moughan Psychologue clinicienne","description":"Psychologue  clinicienne et psychoth\u00e9rapeute.","publisher":{"@id":"https:\/\/caitriona-moughan-psy.com\/#organization"},"alternateName":"Psychologue clinicienne","potentialAction":[{"@type":"SearchAction","target":{"@type":"EntryPoint","urlTemplate":"https:\/\/caitriona-moughan-psy.com\/?s={search_term_string}"},"query-input":{"@type":"PropertyValueSpecification","valueRequired":true,"valueName":"search_term_string"}}],"inLanguage":"en-US"},{"@type":"Organization","@id":"https:\/\/caitriona-moughan-psy.com\/#organization","name":"Psychologue clinicienne - Caitriona Moughan","alternateName":"Psychologue clinicienne - Caitriona Moughan","url":"https:\/\/caitriona-moughan-psy.com\/","logo":{"@type":"ImageObject","inLanguage":"en-US","@id":"https:\/\/caitriona-moughan-psy.com\/#\/schema\/logo\/image\/","url":"https:\/\/caitriona-moughan-psy.com\/wp-content\/uploads\/2023\/08\/brain-1.png","contentUrl":"https:\/\/caitriona-moughan-psy.com\/wp-content\/uploads\/2023\/08\/brain-1.png","width":512,"height":512,"caption":"Psychologue clinicienne - Caitriona Moughan"},"image":{"@id":"https:\/\/caitriona-moughan-psy.com\/#\/schema\/logo\/image\/"}}]}},"_links":{"self":[{"href":"https:\/\/caitriona-moughan-psy.com\/index.php\/wp-json\/wp\/v2\/pages\/312","targetHints":{"allow":["GET"]}}],"collection":[{"href":"https:\/\/caitriona-moughan-psy.com\/index.php\/wp-json\/wp\/v2\/pages"}],"about":[{"href":"https:\/\/caitriona-moughan-psy.com\/index.php\/wp-json\/wp\/v2\/types\/page"}],"author":[{"embeddable":true,"href":"https:\/\/caitriona-moughan-psy.com\/index.php\/wp-json\/wp\/v2\/users\/1"}],"replies":[{"embeddable":true,"href":"https:\/\/caitriona-moughan-psy.com\/index.php\/wp-json\/wp\/v2\/comments?post=312"}],"version-history":[{"count":3,"href":"https:\/\/caitriona-moughan-psy.com\/index.php\/wp-json\/wp\/v2\/pages\/312\/revisions"}],"predecessor-version":[{"id":460,"href":"https:\/\/caitriona-moughan-psy.com\/index.php\/wp-json\/wp\/v2\/pages\/312\/revisions\/460"}],"wp:attachment":[{"href":"https:\/\/caitriona-moughan-psy.com\/index.php\/wp-json\/wp\/v2\/media?parent=312"}],"curies":[{"name":"wp","href":"https:\/\/api.w.org\/{rel}","templated":true}]}}