{"id":320,"date":"2023-08-26T08:50:33","date_gmt":"2023-08-26T06:50:33","guid":{"rendered":"https:\/\/caitriona-moughan-psy.com\/?page_id=320"},"modified":"2025-01-17T18:38:06","modified_gmt":"2025-01-17T17:38:06","slug":"approche-et-methode","status":"publish","type":"page","link":"https:\/\/caitriona-moughan-psy.com\/index.php\/approche-et-methode\/","title":{"rendered":"Approche et m\u00e9thode"},"content":{"rendered":"\n<p class=\"has-black-color has-text-color\"><strong>Approche et m\u00e9thode<\/strong><\/p>\n\n\n\n<p>La m\u00e9thode clinique que je pratique est psychanalytique\u00a0: c&#8217;est-\u00e0-dire que je crois que l&#8217;activit\u00e9 de notre vie psychique r\u00e9pond \u00e0 des m\u00e9canismes inconscients dont nous-m\u00eames, sujets conscients, n&#8217;avons aucune connaissance claire et imm\u00e9diate. Nos modes d\u2019expression (langages verbal et corporel, comportement, \u00e9motions), nos r\u00eaves et nos actes manqu\u00e9s donnent des voies d\u2019acc\u00e8s \u00e0 cette partie invisible en nous qui dicte parfois nos pens\u00e9es et nos comportements \u00e0 notre insu.<\/p>\n\n\n\n<p>Je crois qu\u2019une personne peut se placer inconsciemment dans une situation p\u00e9nible pour r\u00e9p\u00e9ter une exp\u00e9rience ancienne qui est en attente de transformation par le biais d\u2019une mise en sens.<\/p>\n\n\n\n<p>La psychanalyse enseign\u00e9e \u00e0 l\u2019Universit\u00e9 Lyon 2 s\u2019inscrit dans un courant postfreudien qui est focalis\u00e9 sur le lien et ses troubles ou traumatismes. Il s\u2019agit d\u2019une approche intersubjective&nbsp;: c\u2019est-\u00e0-dire que ce qui nous int\u00e9resse, c\u2019est ce qui se passe entre deux ou plusieurs personnes car nous sommes des \u00eatres de relations. Tr\u00e8s influenc\u00e9e par les travaux de Winnicott (mais aussi de Bion), je pars du principe que l\u2019individu, ou le sujet, ne se construit pas seul, il se construit par le biais du lien avec l\u2019autre, et avec plusieurs autres.<\/p>\n\n\n\n<p>Je m\u2019int\u00e9resse beaucoup aux traumatismes primaires ou psychotraumatismes, c\u2019est-\u00e0-dire les traumatismes ou troubles du lien pr\u00e9coces, ayant souvent eu lieu avant l\u2019acquisition du langage. Ces derniers peuvent s\u2019exprimer par des registres d\u2019expression tels que les \u00e9motions, le corps, la motricit\u00e9. Je tends vers une \u00e9coute qui prend en compte les diff\u00e9rents registres d\u2019expression du sujet et \u00e0 la fois son histoire et son actualit\u00e9.<\/p>\n\n\n\n<p>Curieuse et empathique de nature, j\u2019aime chercher \u00e0 comprendre ce qui se passe pour le patient et l\u2019accompagner vers l\u2019\u00e9coute de ce qui se passe en lui\u00a0: ses sensations corporelles, ses \u00e9motions, ses associations. Je t\u00e2che de toujours garder \u00e0 l\u2019esprit, comme Winnicott l\u2019\u00e9crit, que c\u2019est le patient, et le patient seul, qui d\u00e9tient les r\u00e9ponses, mais il a cependant besoin de la pr\u00e9sence \u00ab\u00a0suffisamment bonne\u00a0\u00bb du clinicien pour les (re)d\u00e9couvrir.<\/p>\n\n\n\n<p>J\u2019envisage de m\u2019adapter au plus pr\u00e8s des besoins du patient, tout en engageant ma subjectivit\u00e9 et en maintenant une position neutre, humble et bienveillante.<\/p>\n\n\n\n<p>Enfin, \u00e9tant d\u2019origine irlandaise et ayant v\u00e9cu dans plusieurs pays et continents, je suis tr\u00e8s sensible \u00e0 la question de l\u2019identit\u00e9 culturelle.<\/p>\n\n\n\n<p>Les cliniciens, psychanalystes et auteurs qui ont influenc\u00e9 mon approche comprennent : Sigmund Freud, Donald Woods Winnicott, Wilfred Bion, R\u00e9n\u00e9 Ka\u00ebs, Sandor Ferenczi, Carl Rogers, Esther Bick, Denis Mellier, Jean Oury, et enfin et surtout R\u00e9n\u00e9 Roussillon et beaucoup de mes professeurs de l\u2019Universit\u00e9 Lyon 2 dont Albert Ciccone , Eric Calamote, Magali Ravit et Anne Brun.<\/p>\n\n\n\n<p><em>\u00ab&nbsp;Le principe est le suivant : c&#8217;est le patient, et le patient seul qui d\u00e9tient les r\u00e9ponses. Nous pouvons ou non le rendre capable de cerner ce qui est connu ou d&#8217;en devenir conscient en l&#8217;acceptant<\/em>&nbsp;\u00bb<\/p>\n\n\n\n<p>Jeu et R\u00e9alit\u00e9, de D. Winnicott.<\/p>\n","protected":false},"excerpt":{"rendered":"<p>Approche et m\u00e9thode La m\u00e9thode clinique que je pratique est psychanalytique\u00a0: c&#8217;est-\u00e0-dire que je crois que l&#8217;activit\u00e9 de notre vie psychique r\u00e9pond \u00e0 des m\u00e9canismes inconscients dont nous-m\u00eames, sujets conscients, n&#8217;avons aucune connaissance claire et imm\u00e9diate. Nos modes d\u2019expression (langages verbal et corporel, comportement, \u00e9motions), nos r\u00eaves et nos actes manqu\u00e9s donnent des voies d\u2019acc\u00e8s &hellip; <\/p>\n<p class=\"link-more\"><a href=\"https:\/\/caitriona-moughan-psy.com\/index.php\/approche-et-methode\/\" class=\"more-link\">Continue reading<span class=\"screen-reader-text\"> &#8220;Approche et m\u00e9thode&#8221;<\/span><\/a><\/p>\n","protected":false},"author":1,"featured_media":0,"parent":0,"menu_order":0,"comment_status":"closed","ping_status":"closed","template":"","meta":{"footnotes":""},"class_list":["post-320","page","type-page","status-publish","hentry"],"yoast_head":"<!-- This site is optimized with the Yoast SEO plugin v24.2 - https:\/\/yoast.com\/wordpress\/plugins\/seo\/ -->\n<title>Approche et m\u00e9thode - Caitriona Moughan<\/title>\n<meta name=\"description\" content=\"Caitriona Moughan psychologue clinicienne - (Psychologue, clinicien, Toulon, psychoth\u00e9rapie, psychoth\u00e9rapie de groupe, supervision, m\u00e9diations\" \/>\n<meta name=\"robots\" content=\"index, follow, max-snippet:-1, max-image-preview:large, max-video-preview:-1\" \/>\n<link rel=\"canonical\" href=\"https:\/\/caitriona-moughan-psy.com\/index.php\/approche-et-methode\/\" \/>\n<meta property=\"og:locale\" content=\"en_US\" \/>\n<meta property=\"og:type\" content=\"article\" \/>\n<meta property=\"og:title\" content=\"Approche et m\u00e9thode - Caitriona Moughan\" \/>\n<meta property=\"og:description\" content=\"Caitriona Moughan psychologue clinicienne - (Psychologue, clinicien, Toulon, psychoth\u00e9rapie, psychoth\u00e9rapie de groupe, supervision, m\u00e9diations\" \/>\n<meta property=\"og:url\" content=\"https:\/\/caitriona-moughan-psy.com\/index.php\/approche-et-methode\/\" \/>\n<meta property=\"og:site_name\" content=\"Caitriona Moughan\" \/>\n<meta property=\"article:modified_time\" content=\"2025-01-17T17:38:06+00:00\" \/>\n<meta property=\"og:image\" content=\"https:\/\/caitriona-moughan-psy.com\/wp-content\/uploads\/2023\/08\/brain-1.png\" \/>\n\t<meta property=\"og:image:width\" content=\"512\" \/>\n\t<meta property=\"og:image:height\" content=\"512\" \/>\n\t<meta property=\"og:image:type\" content=\"image\/png\" \/>\n<meta name=\"twitter:card\" content=\"summary_large_image\" \/>\n<meta name=\"twitter:label1\" content=\"Est. reading time\" \/>\n\t<meta name=\"twitter:data1\" content=\"3 minutes\" \/>\n<script type=\"application\/ld+json\" class=\"yoast-schema-graph\">{\"@context\":\"https:\/\/schema.org\",\"@graph\":[{\"@type\":\"WebPage\",\"@id\":\"https:\/\/caitriona-moughan-psy.com\/index.php\/approche-et-methode\/\",\"url\":\"https:\/\/caitriona-moughan-psy.com\/index.php\/approche-et-methode\/\",\"name\":\"Approche et m\u00e9thode - Caitriona Moughan\",\"isPartOf\":{\"@id\":\"https:\/\/caitriona-moughan-psy.com\/#website\"},\"datePublished\":\"2023-08-26T06:50:33+00:00\",\"dateModified\":\"2025-01-17T17:38:06+00:00\",\"description\":\"Caitriona Moughan psychologue clinicienne - (Psychologue, clinicien, Toulon, psychoth\u00e9rapie, psychoth\u00e9rapie de groupe, supervision, m\u00e9diations\",\"breadcrumb\":{\"@id\":\"https:\/\/caitriona-moughan-psy.com\/index.php\/approche-et-methode\/#breadcrumb\"},\"inLanguage\":\"en-US\",\"potentialAction\":[{\"@type\":\"ReadAction\",\"target\":[\"https:\/\/caitriona-moughan-psy.com\/index.php\/approche-et-methode\/\"]}]},{\"@type\":\"BreadcrumbList\",\"@id\":\"https:\/\/caitriona-moughan-psy.com\/index.php\/approche-et-methode\/#breadcrumb\",\"itemListElement\":[{\"@type\":\"ListItem\",\"position\":1,\"name\":\"Home\",\"item\":\"https:\/\/caitriona-moughan-psy.com\/\"},{\"@type\":\"ListItem\",\"position\":2,\"name\":\"Approche et m\u00e9thode\"}]},{\"@type\":\"WebSite\",\"@id\":\"https:\/\/caitriona-moughan-psy.com\/#website\",\"url\":\"https:\/\/caitriona-moughan-psy.com\/\",\"name\":\"Caitriona Moughan Psychologue clinicienne\",\"description\":\"Psychologue  clinicienne et psychoth\u00e9rapeute.\",\"publisher\":{\"@id\":\"https:\/\/caitriona-moughan-psy.com\/#organization\"},\"alternateName\":\"Psychologue clinicienne\",\"potentialAction\":[{\"@type\":\"SearchAction\",\"target\":{\"@type\":\"EntryPoint\",\"urlTemplate\":\"https:\/\/caitriona-moughan-psy.com\/?s={search_term_string}\"},\"query-input\":{\"@type\":\"PropertyValueSpecification\",\"valueRequired\":true,\"valueName\":\"search_term_string\"}}],\"inLanguage\":\"en-US\"},{\"@type\":\"Organization\",\"@id\":\"https:\/\/caitriona-moughan-psy.com\/#organization\",\"name\":\"Psychologue clinicienne - Caitriona Moughan\",\"alternateName\":\"Psychologue clinicienne - Caitriona Moughan\",\"url\":\"https:\/\/caitriona-moughan-psy.com\/\",\"logo\":{\"@type\":\"ImageObject\",\"inLanguage\":\"en-US\",\"@id\":\"https:\/\/caitriona-moughan-psy.com\/#\/schema\/logo\/image\/\",\"url\":\"https:\/\/caitriona-moughan-psy.com\/wp-content\/uploads\/2023\/08\/brain-1.png\",\"contentUrl\":\"https:\/\/caitriona-moughan-psy.com\/wp-content\/uploads\/2023\/08\/brain-1.png\",\"width\":512,\"height\":512,\"caption\":\"Psychologue clinicienne - Caitriona Moughan\"},\"image\":{\"@id\":\"https:\/\/caitriona-moughan-psy.com\/#\/schema\/logo\/image\/\"}}]}<\/script>\n<!-- \/ Yoast SEO plugin. -->","yoast_head_json":{"title":"Approche et m\u00e9thode - Caitriona Moughan","description":"Caitriona Moughan psychologue clinicienne - (Psychologue, clinicien, Toulon, psychoth\u00e9rapie, psychoth\u00e9rapie de groupe, supervision, m\u00e9diations","robots":{"index":"index","follow":"follow","max-snippet":"max-snippet:-1","max-image-preview":"max-image-preview:large","max-video-preview":"max-video-preview:-1"},"canonical":"https:\/\/caitriona-moughan-psy.com\/index.php\/approche-et-methode\/","og_locale":"en_US","og_type":"article","og_title":"Approche et m\u00e9thode - Caitriona Moughan","og_description":"Caitriona Moughan psychologue clinicienne - (Psychologue, clinicien, Toulon, psychoth\u00e9rapie, psychoth\u00e9rapie de groupe, supervision, m\u00e9diations","og_url":"https:\/\/caitriona-moughan-psy.com\/index.php\/approche-et-methode\/","og_site_name":"Caitriona Moughan","article_modified_time":"2025-01-17T17:38:06+00:00","og_image":[{"width":512,"height":512,"url":"https:\/\/caitriona-moughan-psy.com\/wp-content\/uploads\/2023\/08\/brain-1.png","type":"image\/png"}],"twitter_card":"summary_large_image","twitter_misc":{"Est. reading time":"3 minutes"},"schema":{"@context":"https:\/\/schema.org","@graph":[{"@type":"WebPage","@id":"https:\/\/caitriona-moughan-psy.com\/index.php\/approche-et-methode\/","url":"https:\/\/caitriona-moughan-psy.com\/index.php\/approche-et-methode\/","name":"Approche et m\u00e9thode - Caitriona Moughan","isPartOf":{"@id":"https:\/\/caitriona-moughan-psy.com\/#website"},"datePublished":"2023-08-26T06:50:33+00:00","dateModified":"2025-01-17T17:38:06+00:00","description":"Caitriona Moughan psychologue clinicienne - (Psychologue, clinicien, Toulon, psychoth\u00e9rapie, psychoth\u00e9rapie de groupe, supervision, m\u00e9diations","breadcrumb":{"@id":"https:\/\/caitriona-moughan-psy.com\/index.php\/approche-et-methode\/#breadcrumb"},"inLanguage":"en-US","potentialAction":[{"@type":"ReadAction","target":["https:\/\/caitriona-moughan-psy.com\/index.php\/approche-et-methode\/"]}]},{"@type":"BreadcrumbList","@id":"https:\/\/caitriona-moughan-psy.com\/index.php\/approche-et-methode\/#breadcrumb","itemListElement":[{"@type":"ListItem","position":1,"name":"Home","item":"https:\/\/caitriona-moughan-psy.com\/"},{"@type":"ListItem","position":2,"name":"Approche et m\u00e9thode"}]},{"@type":"WebSite","@id":"https:\/\/caitriona-moughan-psy.com\/#website","url":"https:\/\/caitriona-moughan-psy.com\/","name":"Caitriona Moughan Psychologue clinicienne","description":"Psychologue  clinicienne et psychoth\u00e9rapeute.","publisher":{"@id":"https:\/\/caitriona-moughan-psy.com\/#organization"},"alternateName":"Psychologue clinicienne","potentialAction":[{"@type":"SearchAction","target":{"@type":"EntryPoint","urlTemplate":"https:\/\/caitriona-moughan-psy.com\/?s={search_term_string}"},"query-input":{"@type":"PropertyValueSpecification","valueRequired":true,"valueName":"search_term_string"}}],"inLanguage":"en-US"},{"@type":"Organization","@id":"https:\/\/caitriona-moughan-psy.com\/#organization","name":"Psychologue clinicienne - Caitriona Moughan","alternateName":"Psychologue clinicienne - Caitriona Moughan","url":"https:\/\/caitriona-moughan-psy.com\/","logo":{"@type":"ImageObject","inLanguage":"en-US","@id":"https:\/\/caitriona-moughan-psy.com\/#\/schema\/logo\/image\/","url":"https:\/\/caitriona-moughan-psy.com\/wp-content\/uploads\/2023\/08\/brain-1.png","contentUrl":"https:\/\/caitriona-moughan-psy.com\/wp-content\/uploads\/2023\/08\/brain-1.png","width":512,"height":512,"caption":"Psychologue clinicienne - Caitriona Moughan"},"image":{"@id":"https:\/\/caitriona-moughan-psy.com\/#\/schema\/logo\/image\/"}}]}},"_links":{"self":[{"href":"https:\/\/caitriona-moughan-psy.com\/index.php\/wp-json\/wp\/v2\/pages\/320","targetHints":{"allow":["GET"]}}],"collection":[{"href":"https:\/\/caitriona-moughan-psy.com\/index.php\/wp-json\/wp\/v2\/pages"}],"about":[{"href":"https:\/\/caitriona-moughan-psy.com\/index.php\/wp-json\/wp\/v2\/types\/page"}],"author":[{"embeddable":true,"href":"https:\/\/caitriona-moughan-psy.com\/index.php\/wp-json\/wp\/v2\/users\/1"}],"replies":[{"embeddable":true,"href":"https:\/\/caitriona-moughan-psy.com\/index.php\/wp-json\/wp\/v2\/comments?post=320"}],"version-history":[{"count":4,"href":"https:\/\/caitriona-moughan-psy.com\/index.php\/wp-json\/wp\/v2\/pages\/320\/revisions"}],"predecessor-version":[{"id":463,"href":"https:\/\/caitriona-moughan-psy.com\/index.php\/wp-json\/wp\/v2\/pages\/320\/revisions\/463"}],"wp:attachment":[{"href":"https:\/\/caitriona-moughan-psy.com\/index.php\/wp-json\/wp\/v2\/media?parent=320"}],"curies":[{"name":"wp","href":"https:\/\/api.w.org\/{rel}","templated":true}]}}