{"id":322,"date":"2023-08-26T08:53:15","date_gmt":"2023-08-26T06:53:15","guid":{"rendered":"https:\/\/caitriona-moughan-psy.com\/?page_id=322"},"modified":"2023-11-23T14:42:17","modified_gmt":"2023-11-23T13:42:17","slug":"ethique","status":"publish","type":"page","link":"https:\/\/caitriona-moughan-psy.com\/index.php\/ethique\/","title":{"rendered":"\u00c9thique"},"content":{"rendered":"\n<p class=\"has-black-color has-text-color\"><strong>Mon \u00e9thique&nbsp;<\/strong><\/p>\n\n\n\n<p>La n\u00e9cessit\u00e9 de continuer \u00e0 fournir un travail psychique sur moi-m\u00eame fait partie de mon \u00e9thique. J\u2019ai un long parcours en travail psychoth\u00e9rapeutique individuel et en psychoth\u00e9rapie de groupe et suis toujours en analyse.<\/p>\n\n\n\n<p>Mon travail de psychologue clinicien et de psychoth\u00e9rapeute est r\u00e9guli\u00e8rement supervis\u00e9 (supervisions ou intervisions individuelles ou groupales).<\/p>\n\n\n\n<p>Je continue \u00e0 me former par le biais de formations, de colloques, de s\u00e9minaires, de conf\u00e9rences et de lectures pour mieux accompagner mes patients.<\/p>\n\n\n\n<p>Je suis le code de d\u00e9ontologie des psychologues, mis \u00e0 jour le 22 mars 1996<br>et ratifi\u00e9 par AEPU \u2013 ANOP \u2013 SFP en Assembl\u00e9e pl\u00e9ni\u00e8re \u00e0 Paris le 22 juin 1996. <a href=\"https:\/\/psychologues.org\/deontologie-single\/code-deontologie-psychologues\/\">https:\/\/psychologues.org\/deontologie-single\/code-deontologie-psychologues\/<\/a><\/p>\n\n\n\n<p>Le psychologue reste soumis au secret professionnel\u00a0; dans le cas d\u2019un mineur, s\u2019il estime n\u00e9cessaire de communiquer des informations, il devra demander le consentement au mineur\u2026sauf dans le cas o\u00f9 l\u2019int\u00e9grit\u00e9 physique et psychique de l\u2019adolescent est en danger.<\/p>\n","protected":false},"excerpt":{"rendered":"<p>Mon \u00e9thique&nbsp; La n\u00e9cessit\u00e9 de continuer \u00e0 fournir un travail psychique sur moi-m\u00eame fait partie de mon \u00e9thique. J\u2019ai un long parcours en travail psychoth\u00e9rapeutique individuel et en psychoth\u00e9rapie de groupe et suis toujours en analyse. Mon travail de psychologue clinicien et de psychoth\u00e9rapeute est r\u00e9guli\u00e8rement supervis\u00e9 (supervisions ou intervisions individuelles ou groupales). Je continue &hellip; <\/p>\n<p class=\"link-more\"><a href=\"https:\/\/caitriona-moughan-psy.com\/index.php\/ethique\/\" class=\"more-link\">Continue reading<span class=\"screen-reader-text\"> &#8220;\u00c9thique&#8221;<\/span><\/a><\/p>\n","protected":false},"author":1,"featured_media":0,"parent":0,"menu_order":0,"comment_status":"closed","ping_status":"closed","template":"","meta":{"footnotes":""},"class_list":["post-322","page","type-page","status-publish","hentry"],"yoast_head":"<!-- This site is optimized with the Yoast SEO plugin v24.2 - https:\/\/yoast.com\/wordpress\/plugins\/seo\/ -->\n<title>\u00c9thique - Caitriona Moughan<\/title>\n<meta name=\"description\" content=\"Caitriona Moughan psychologue clinicienne - (Psychologue, clinicien, Toulon, psychoth\u00e9rapie, psychoth\u00e9rapie de groupe, supervision, m\u00e9diations\" \/>\n<meta name=\"robots\" content=\"index, follow, max-snippet:-1, max-image-preview:large, max-video-preview:-1\" \/>\n<link rel=\"canonical\" href=\"https:\/\/caitriona-moughan-psy.com\/index.php\/ethique\/\" \/>\n<meta property=\"og:locale\" content=\"en_US\" \/>\n<meta property=\"og:type\" content=\"article\" \/>\n<meta property=\"og:title\" content=\"\u00c9thique - Caitriona Moughan\" \/>\n<meta property=\"og:description\" content=\"Caitriona Moughan psychologue clinicienne - (Psychologue, clinicien, Toulon, psychoth\u00e9rapie, psychoth\u00e9rapie de groupe, supervision, m\u00e9diations\" \/>\n<meta property=\"og:url\" content=\"https:\/\/caitriona-moughan-psy.com\/index.php\/ethique\/\" \/>\n<meta property=\"og:site_name\" content=\"Caitriona Moughan\" \/>\n<meta property=\"article:modified_time\" content=\"2023-11-23T13:42:17+00:00\" \/>\n<meta property=\"og:image\" content=\"https:\/\/caitriona-moughan-psy.com\/wp-content\/uploads\/2023\/08\/brain-1.png\" \/>\n\t<meta property=\"og:image:width\" content=\"512\" \/>\n\t<meta property=\"og:image:height\" content=\"512\" \/>\n\t<meta property=\"og:image:type\" content=\"image\/png\" \/>\n<meta name=\"twitter:card\" content=\"summary_large_image\" \/>\n<meta name=\"twitter:label1\" content=\"Est. reading time\" \/>\n\t<meta name=\"twitter:data1\" content=\"1 minute\" \/>\n<script type=\"application\/ld+json\" class=\"yoast-schema-graph\">{\"@context\":\"https:\/\/schema.org\",\"@graph\":[{\"@type\":\"WebPage\",\"@id\":\"https:\/\/caitriona-moughan-psy.com\/index.php\/ethique\/\",\"url\":\"https:\/\/caitriona-moughan-psy.com\/index.php\/ethique\/\",\"name\":\"\u00c9thique - Caitriona Moughan\",\"isPartOf\":{\"@id\":\"https:\/\/caitriona-moughan-psy.com\/#website\"},\"datePublished\":\"2023-08-26T06:53:15+00:00\",\"dateModified\":\"2023-11-23T13:42:17+00:00\",\"description\":\"Caitriona Moughan psychologue clinicienne - (Psychologue, clinicien, Toulon, psychoth\u00e9rapie, psychoth\u00e9rapie de groupe, supervision, m\u00e9diations\",\"breadcrumb\":{\"@id\":\"https:\/\/caitriona-moughan-psy.com\/index.php\/ethique\/#breadcrumb\"},\"inLanguage\":\"en-US\",\"potentialAction\":[{\"@type\":\"ReadAction\",\"target\":[\"https:\/\/caitriona-moughan-psy.com\/index.php\/ethique\/\"]}]},{\"@type\":\"BreadcrumbList\",\"@id\":\"https:\/\/caitriona-moughan-psy.com\/index.php\/ethique\/#breadcrumb\",\"itemListElement\":[{\"@type\":\"ListItem\",\"position\":1,\"name\":\"Home\",\"item\":\"https:\/\/caitriona-moughan-psy.com\/\"},{\"@type\":\"ListItem\",\"position\":2,\"name\":\"\u00c9thique\"}]},{\"@type\":\"WebSite\",\"@id\":\"https:\/\/caitriona-moughan-psy.com\/#website\",\"url\":\"https:\/\/caitriona-moughan-psy.com\/\",\"name\":\"Caitriona Moughan Psychologue clinicienne\",\"description\":\"Psychologue  clinicienne et psychoth\u00e9rapeute.\",\"publisher\":{\"@id\":\"https:\/\/caitriona-moughan-psy.com\/#organization\"},\"alternateName\":\"Psychologue clinicienne\",\"potentialAction\":[{\"@type\":\"SearchAction\",\"target\":{\"@type\":\"EntryPoint\",\"urlTemplate\":\"https:\/\/caitriona-moughan-psy.com\/?s={search_term_string}\"},\"query-input\":{\"@type\":\"PropertyValueSpecification\",\"valueRequired\":true,\"valueName\":\"search_term_string\"}}],\"inLanguage\":\"en-US\"},{\"@type\":\"Organization\",\"@id\":\"https:\/\/caitriona-moughan-psy.com\/#organization\",\"name\":\"Psychologue clinicienne - Caitriona Moughan\",\"alternateName\":\"Psychologue clinicienne - Caitriona Moughan\",\"url\":\"https:\/\/caitriona-moughan-psy.com\/\",\"logo\":{\"@type\":\"ImageObject\",\"inLanguage\":\"en-US\",\"@id\":\"https:\/\/caitriona-moughan-psy.com\/#\/schema\/logo\/image\/\",\"url\":\"https:\/\/caitriona-moughan-psy.com\/wp-content\/uploads\/2023\/08\/brain-1.png\",\"contentUrl\":\"https:\/\/caitriona-moughan-psy.com\/wp-content\/uploads\/2023\/08\/brain-1.png\",\"width\":512,\"height\":512,\"caption\":\"Psychologue clinicienne - Caitriona Moughan\"},\"image\":{\"@id\":\"https:\/\/caitriona-moughan-psy.com\/#\/schema\/logo\/image\/\"}}]}<\/script>\n<!-- \/ Yoast SEO plugin. -->","yoast_head_json":{"title":"\u00c9thique - Caitriona Moughan","description":"Caitriona Moughan psychologue clinicienne - (Psychologue, clinicien, Toulon, psychoth\u00e9rapie, psychoth\u00e9rapie de groupe, supervision, m\u00e9diations","robots":{"index":"index","follow":"follow","max-snippet":"max-snippet:-1","max-image-preview":"max-image-preview:large","max-video-preview":"max-video-preview:-1"},"canonical":"https:\/\/caitriona-moughan-psy.com\/index.php\/ethique\/","og_locale":"en_US","og_type":"article","og_title":"\u00c9thique - Caitriona Moughan","og_description":"Caitriona Moughan psychologue clinicienne - (Psychologue, clinicien, Toulon, psychoth\u00e9rapie, psychoth\u00e9rapie de groupe, supervision, m\u00e9diations","og_url":"https:\/\/caitriona-moughan-psy.com\/index.php\/ethique\/","og_site_name":"Caitriona Moughan","article_modified_time":"2023-11-23T13:42:17+00:00","og_image":[{"width":512,"height":512,"url":"https:\/\/caitriona-moughan-psy.com\/wp-content\/uploads\/2023\/08\/brain-1.png","type":"image\/png"}],"twitter_card":"summary_large_image","twitter_misc":{"Est. reading time":"1 minute"},"schema":{"@context":"https:\/\/schema.org","@graph":[{"@type":"WebPage","@id":"https:\/\/caitriona-moughan-psy.com\/index.php\/ethique\/","url":"https:\/\/caitriona-moughan-psy.com\/index.php\/ethique\/","name":"\u00c9thique - Caitriona Moughan","isPartOf":{"@id":"https:\/\/caitriona-moughan-psy.com\/#website"},"datePublished":"2023-08-26T06:53:15+00:00","dateModified":"2023-11-23T13:42:17+00:00","description":"Caitriona Moughan psychologue clinicienne - (Psychologue, clinicien, Toulon, psychoth\u00e9rapie, psychoth\u00e9rapie de groupe, supervision, m\u00e9diations","breadcrumb":{"@id":"https:\/\/caitriona-moughan-psy.com\/index.php\/ethique\/#breadcrumb"},"inLanguage":"en-US","potentialAction":[{"@type":"ReadAction","target":["https:\/\/caitriona-moughan-psy.com\/index.php\/ethique\/"]}]},{"@type":"BreadcrumbList","@id":"https:\/\/caitriona-moughan-psy.com\/index.php\/ethique\/#breadcrumb","itemListElement":[{"@type":"ListItem","position":1,"name":"Home","item":"https:\/\/caitriona-moughan-psy.com\/"},{"@type":"ListItem","position":2,"name":"\u00c9thique"}]},{"@type":"WebSite","@id":"https:\/\/caitriona-moughan-psy.com\/#website","url":"https:\/\/caitriona-moughan-psy.com\/","name":"Caitriona Moughan Psychologue clinicienne","description":"Psychologue  clinicienne et psychoth\u00e9rapeute.","publisher":{"@id":"https:\/\/caitriona-moughan-psy.com\/#organization"},"alternateName":"Psychologue clinicienne","potentialAction":[{"@type":"SearchAction","target":{"@type":"EntryPoint","urlTemplate":"https:\/\/caitriona-moughan-psy.com\/?s={search_term_string}"},"query-input":{"@type":"PropertyValueSpecification","valueRequired":true,"valueName":"search_term_string"}}],"inLanguage":"en-US"},{"@type":"Organization","@id":"https:\/\/caitriona-moughan-psy.com\/#organization","name":"Psychologue clinicienne - Caitriona Moughan","alternateName":"Psychologue clinicienne - Caitriona Moughan","url":"https:\/\/caitriona-moughan-psy.com\/","logo":{"@type":"ImageObject","inLanguage":"en-US","@id":"https:\/\/caitriona-moughan-psy.com\/#\/schema\/logo\/image\/","url":"https:\/\/caitriona-moughan-psy.com\/wp-content\/uploads\/2023\/08\/brain-1.png","contentUrl":"https:\/\/caitriona-moughan-psy.com\/wp-content\/uploads\/2023\/08\/brain-1.png","width":512,"height":512,"caption":"Psychologue clinicienne - Caitriona Moughan"},"image":{"@id":"https:\/\/caitriona-moughan-psy.com\/#\/schema\/logo\/image\/"}}]}},"_links":{"self":[{"href":"https:\/\/caitriona-moughan-psy.com\/index.php\/wp-json\/wp\/v2\/pages\/322","targetHints":{"allow":["GET"]}}],"collection":[{"href":"https:\/\/caitriona-moughan-psy.com\/index.php\/wp-json\/wp\/v2\/pages"}],"about":[{"href":"https:\/\/caitriona-moughan-psy.com\/index.php\/wp-json\/wp\/v2\/types\/page"}],"author":[{"embeddable":true,"href":"https:\/\/caitriona-moughan-psy.com\/index.php\/wp-json\/wp\/v2\/users\/1"}],"replies":[{"embeddable":true,"href":"https:\/\/caitriona-moughan-psy.com\/index.php\/wp-json\/wp\/v2\/comments?post=322"}],"version-history":[{"count":5,"href":"https:\/\/caitriona-moughan-psy.com\/index.php\/wp-json\/wp\/v2\/pages\/322\/revisions"}],"predecessor-version":[{"id":466,"href":"https:\/\/caitriona-moughan-psy.com\/index.php\/wp-json\/wp\/v2\/pages\/322\/revisions\/466"}],"wp:attachment":[{"href":"https:\/\/caitriona-moughan-psy.com\/index.php\/wp-json\/wp\/v2\/media?parent=322"}],"curies":[{"name":"wp","href":"https:\/\/api.w.org\/{rel}","templated":true}]}}