{"id":55,"date":"2023-08-09T15:16:41","date_gmt":"2023-08-09T13:16:41","guid":{"rendered":"https:\/\/caitriona-moughan-psy.com\/?page_id=55"},"modified":"2023-10-11T14:04:46","modified_gmt":"2023-10-11T12:04:46","slug":"rdv","status":"publish","type":"page","link":"https:\/\/caitriona-moughan-psy.com\/index.php\/rdv\/","title":{"rendered":"Me contacter"},"content":{"rendered":"\n<p>Vous pouvez prendre rendez-vous sur Doctolib.<\/p>\n\n\n\n<figure class=\"wp-block-image size-full is-resized\"><a href=\"https:\/\/www.doctolib.fr\/psychologue\/toulon\/caitriona-moughan\"><img loading=\"lazy\" decoding=\"async\" src=\"https:\/\/caitriona-moughan-psy.com\/wp-content\/uploads\/2023\/08\/doctolibrendezvous.png\" alt=\"\" class=\"wp-image-63\" style=\"width:354px;height:138px\" width=\"354\" height=\"138\" srcset=\"https:\/\/caitriona-moughan-psy.com\/wp-content\/uploads\/2023\/08\/doctolibrendezvous.png 854w, https:\/\/caitriona-moughan-psy.com\/wp-content\/uploads\/2023\/08\/doctolibrendezvous-300x117.png 300w, https:\/\/caitriona-moughan-psy.com\/wp-content\/uploads\/2023\/08\/doctolibrendezvous-768x300.png 768w\" sizes=\"auto, (max-width: 354px) 100vw, 354px\" \/><\/a><\/figure>\n\n\n\n<p>Prendre rendez-vous par t\u00e9l\u00e9phone : 06 19 29 99 89<\/p>\n\n\n\n<div class=\"wp-block-contact-form-7-contact-form-selector\">\n<div class=\"wpcf7 no-js\" id=\"wpcf7-f18-o1\" lang=\"fr-FR\" dir=\"ltr\" data-wpcf7-id=\"18\">\n<div class=\"screen-reader-response\"><p role=\"status\" aria-live=\"polite\" aria-atomic=\"true\"><\/p> <ul><\/ul><\/div>\n<form action=\"\/index.php\/wp-json\/wp\/v2\/pages\/55#wpcf7-f18-o1\" method=\"post\" class=\"wpcf7-form init\" aria-label=\"Formulaire de contact\" novalidate=\"novalidate\" data-status=\"init\">\n<div style=\"display: none;\">\n<input type=\"hidden\" name=\"_wpcf7\" value=\"18\" \/>\n<input type=\"hidden\" name=\"_wpcf7_version\" value=\"6.0.3\" \/>\n<input type=\"hidden\" name=\"_wpcf7_locale\" value=\"fr_FR\" \/>\n<input type=\"hidden\" name=\"_wpcf7_unit_tag\" value=\"wpcf7-f18-o1\" \/>\n<input type=\"hidden\" name=\"_wpcf7_container_post\" value=\"0\" \/>\n<input type=\"hidden\" name=\"_wpcf7_posted_data_hash\" value=\"\" \/>\n<\/div>\n<p><label> Votre nom<br \/>\n<span class=\"wpcf7-form-control-wrap\" data-name=\"your-name\"><input size=\"40\" maxlength=\"400\" class=\"wpcf7-form-control wpcf7-text wpcf7-validates-as-required\" autocomplete=\"name\" aria-required=\"true\" aria-invalid=\"false\" value=\"\" type=\"text\" name=\"your-name\" \/><\/span> <\/label>\n<\/p>\n<p><label> Votre e-mail<br \/>\n<span class=\"wpcf7-form-control-wrap\" data-name=\"your-email\"><input size=\"40\" maxlength=\"400\" class=\"wpcf7-form-control wpcf7-email wpcf7-validates-as-required wpcf7-text wpcf7-validates-as-email\" autocomplete=\"email\" aria-required=\"true\" aria-invalid=\"false\" value=\"\" type=\"email\" name=\"your-email\" \/><\/span> <\/label>\n<\/p>\n<p><label> Objet<br \/>\n<span class=\"wpcf7-form-control-wrap\" data-name=\"your-subject\"><input size=\"40\" maxlength=\"400\" class=\"wpcf7-form-control wpcf7-text wpcf7-validates-as-required\" aria-required=\"true\" aria-invalid=\"false\" value=\"\" type=\"text\" name=\"your-subject\" \/><\/span> <\/label>\n<\/p>\n<p><label> Votre message (facultatif)<br \/>\n<span class=\"wpcf7-form-control-wrap\" data-name=\"your-message\"><textarea cols=\"40\" rows=\"10\" maxlength=\"2000\" class=\"wpcf7-form-control wpcf7-textarea\" aria-invalid=\"false\" name=\"your-message\"><\/textarea><\/span> <\/label>\n<\/p>\n<p><input class=\"wpcf7-form-control wpcf7-submit has-spinner\" type=\"submit\" value=\"Envoyer\" \/>\n<\/p><div class=\"wpcf7-response-output\" aria-hidden=\"true\"><\/div>\n<\/form>\n<\/div>\n<\/div>\n\n\n\n<p>Adresse :<\/p>\n\n\n\n<p>113 Cours Lafayette, 83000 Toulon<\/p>\n\n\n\n<iframe src=\"https:\/\/www.google.com\/maps\/embed?pb=!1m18!1m12!1m3!1d2912.249573882851!2d5.9338504!3d43.120283099999995!2m3!1f0!2f0!3f0!3m2!1i1024!2i768!4f13.1!3m3!1m2!1s0x12c91b0c580f18c7%3A0x9371c7c73b8f3117!2s113%20Cr%20Lafayette%2C%2083000%20Toulon!5e0!3m2!1sfr!2sfr!4v1691509781271!5m2!1sfr!2sfr\" width=\"700\" height=\"700\" style=\"border:0;\" allowfullscreen=\"\" loading=\"lazy\" referrerpolicy=\"no-referrer-when-downgrade\"><\/iframe>\n\n\n<div class=\"wp-block-image is-style-rounded\">\n<figure class=\"aligncenter size-large\"><img loading=\"lazy\" decoding=\"async\" width=\"1024\" height=\"683\" src=\"http:\/\/caitriona-moughan-psy.com\/wp-content\/uploads\/2023\/09\/Caitriona-Moughan-Psychologue-1024x683.png\" alt=\"Caitriona Moughan Psychologue clinicienne\" class=\"wp-image-437\" srcset=\"https:\/\/caitriona-moughan-psy.com\/wp-content\/uploads\/2023\/09\/Caitriona-Moughan-Psychologue-1024x683.png 1024w, https:\/\/caitriona-moughan-psy.com\/wp-content\/uploads\/2023\/09\/Caitriona-Moughan-Psychologue-300x200.png 300w, https:\/\/caitriona-moughan-psy.com\/wp-content\/uploads\/2023\/09\/Caitriona-Moughan-Psychologue-768x512.png 768w, https:\/\/caitriona-moughan-psy.com\/wp-content\/uploads\/2023\/09\/Caitriona-Moughan-Psychologue-1536x1024.png 1536w, https:\/\/caitriona-moughan-psy.com\/wp-content\/uploads\/2023\/09\/Caitriona-Moughan-Psychologue-2048x1366.png 2048w\" sizes=\"auto, (max-width: 767px) 89vw, (max-width: 1000px) 54vw, (max-width: 1071px) 543px, 580px\" \/><\/figure>\n<\/div>","protected":false},"excerpt":{"rendered":"<p>Vous pouvez prendre rendez-vous sur Doctolib. Prendre rendez-vous par t\u00e9l\u00e9phone : 06 19 29 99 89 Adresse : 113 Cours Lafayette, 83000 Toulon<\/p>\n","protected":false},"author":1,"featured_media":0,"parent":0,"menu_order":0,"comment_status":"closed","ping_status":"closed","template":"","meta":{"footnotes":""},"class_list":["post-55","page","type-page","status-publish","hentry"],"yoast_head":"<!-- This site is optimized with the Yoast SEO plugin v24.2 - https:\/\/yoast.com\/wordpress\/plugins\/seo\/ -->\n<title>Me contacter - Caitriona Moughan<\/title>\n<meta name=\"description\" content=\"Caitriona Moughan psychologue clinicienne - (Psychologue, clinicien, Toulon, psychoth\u00e9rapie, psychoth\u00e9rapie de groupe, supervision, m\u00e9diations\" \/>\n<meta name=\"robots\" content=\"index, follow, max-snippet:-1, max-image-preview:large, max-video-preview:-1\" \/>\n<link rel=\"canonical\" href=\"https:\/\/caitriona-moughan-psy.com\/index.php\/rdv\/\" \/>\n<meta property=\"og:locale\" content=\"en_US\" \/>\n<meta property=\"og:type\" content=\"article\" \/>\n<meta property=\"og:title\" content=\"Me contacter - Caitriona Moughan\" \/>\n<meta property=\"og:description\" content=\"Caitriona Moughan psychologue clinicienne - (Psychologue, clinicien, Toulon, psychoth\u00e9rapie, psychoth\u00e9rapie de groupe, supervision, m\u00e9diations\" \/>\n<meta property=\"og:url\" content=\"https:\/\/caitriona-moughan-psy.com\/index.php\/rdv\/\" \/>\n<meta property=\"og:site_name\" content=\"Caitriona Moughan\" \/>\n<meta property=\"article:modified_time\" content=\"2023-10-11T12:04:46+00:00\" \/>\n<meta property=\"og:image\" content=\"https:\/\/caitriona-moughan-psy.com\/wp-content\/uploads\/2023\/08\/doctolibrendezvous.png\" \/>\n<meta name=\"twitter:card\" content=\"summary_large_image\" \/>\n<meta name=\"twitter:label1\" content=\"Est. reading time\" \/>\n\t<meta name=\"twitter:data1\" content=\"1 minute\" \/>\n<script type=\"application\/ld+json\" class=\"yoast-schema-graph\">{\"@context\":\"https:\/\/schema.org\",\"@graph\":[{\"@type\":\"WebPage\",\"@id\":\"https:\/\/caitriona-moughan-psy.com\/index.php\/rdv\/\",\"url\":\"https:\/\/caitriona-moughan-psy.com\/index.php\/rdv\/\",\"name\":\"Me contacter - Caitriona Moughan\",\"isPartOf\":{\"@id\":\"https:\/\/caitriona-moughan-psy.com\/#website\"},\"primaryImageOfPage\":{\"@id\":\"https:\/\/caitriona-moughan-psy.com\/index.php\/rdv\/#primaryimage\"},\"image\":{\"@id\":\"https:\/\/caitriona-moughan-psy.com\/index.php\/rdv\/#primaryimage\"},\"thumbnailUrl\":\"https:\/\/caitriona-moughan-psy.com\/wp-content\/uploads\/2023\/08\/doctolibrendezvous.png\",\"datePublished\":\"2023-08-09T13:16:41+00:00\",\"dateModified\":\"2023-10-11T12:04:46+00:00\",\"description\":\"Caitriona Moughan psychologue clinicienne - (Psychologue, clinicien, Toulon, psychoth\u00e9rapie, psychoth\u00e9rapie de groupe, supervision, m\u00e9diations\",\"breadcrumb\":{\"@id\":\"https:\/\/caitriona-moughan-psy.com\/index.php\/rdv\/#breadcrumb\"},\"inLanguage\":\"en-US\",\"potentialAction\":[{\"@type\":\"ReadAction\",\"target\":[\"https:\/\/caitriona-moughan-psy.com\/index.php\/rdv\/\"]}]},{\"@type\":\"ImageObject\",\"inLanguage\":\"en-US\",\"@id\":\"https:\/\/caitriona-moughan-psy.com\/index.php\/rdv\/#primaryimage\",\"url\":\"https:\/\/caitriona-moughan-psy.com\/wp-content\/uploads\/2023\/08\/doctolibrendezvous.png\",\"contentUrl\":\"https:\/\/caitriona-moughan-psy.com\/wp-content\/uploads\/2023\/08\/doctolibrendezvous.png\"},{\"@type\":\"BreadcrumbList\",\"@id\":\"https:\/\/caitriona-moughan-psy.com\/index.php\/rdv\/#breadcrumb\",\"itemListElement\":[{\"@type\":\"ListItem\",\"position\":1,\"name\":\"Home\",\"item\":\"https:\/\/caitriona-moughan-psy.com\/\"},{\"@type\":\"ListItem\",\"position\":2,\"name\":\"Me contacter\"}]},{\"@type\":\"WebSite\",\"@id\":\"https:\/\/caitriona-moughan-psy.com\/#website\",\"url\":\"https:\/\/caitriona-moughan-psy.com\/\",\"name\":\"Caitriona Moughan Psychologue clinicienne\",\"description\":\"Psychologue  clinicienne et psychoth\u00e9rapeute.\",\"publisher\":{\"@id\":\"https:\/\/caitriona-moughan-psy.com\/#organization\"},\"alternateName\":\"Psychologue clinicienne\",\"potentialAction\":[{\"@type\":\"SearchAction\",\"target\":{\"@type\":\"EntryPoint\",\"urlTemplate\":\"https:\/\/caitriona-moughan-psy.com\/?s={search_term_string}\"},\"query-input\":{\"@type\":\"PropertyValueSpecification\",\"valueRequired\":true,\"valueName\":\"search_term_string\"}}],\"inLanguage\":\"en-US\"},{\"@type\":\"Organization\",\"@id\":\"https:\/\/caitriona-moughan-psy.com\/#organization\",\"name\":\"Psychologue clinicienne - Caitriona Moughan\",\"alternateName\":\"Psychologue clinicienne - Caitriona Moughan\",\"url\":\"https:\/\/caitriona-moughan-psy.com\/\",\"logo\":{\"@type\":\"ImageObject\",\"inLanguage\":\"en-US\",\"@id\":\"https:\/\/caitriona-moughan-psy.com\/#\/schema\/logo\/image\/\",\"url\":\"https:\/\/caitriona-moughan-psy.com\/wp-content\/uploads\/2023\/08\/brain-1.png\",\"contentUrl\":\"https:\/\/caitriona-moughan-psy.com\/wp-content\/uploads\/2023\/08\/brain-1.png\",\"width\":512,\"height\":512,\"caption\":\"Psychologue clinicienne - Caitriona Moughan\"},\"image\":{\"@id\":\"https:\/\/caitriona-moughan-psy.com\/#\/schema\/logo\/image\/\"}}]}<\/script>\n<!-- \/ Yoast SEO plugin. -->","yoast_head_json":{"title":"Me contacter - Caitriona Moughan","description":"Caitriona Moughan psychologue clinicienne - (Psychologue, clinicien, Toulon, psychoth\u00e9rapie, psychoth\u00e9rapie de groupe, supervision, m\u00e9diations","robots":{"index":"index","follow":"follow","max-snippet":"max-snippet:-1","max-image-preview":"max-image-preview:large","max-video-preview":"max-video-preview:-1"},"canonical":"https:\/\/caitriona-moughan-psy.com\/index.php\/rdv\/","og_locale":"en_US","og_type":"article","og_title":"Me contacter - Caitriona Moughan","og_description":"Caitriona Moughan psychologue clinicienne - (Psychologue, clinicien, Toulon, psychoth\u00e9rapie, psychoth\u00e9rapie de groupe, supervision, m\u00e9diations","og_url":"https:\/\/caitriona-moughan-psy.com\/index.php\/rdv\/","og_site_name":"Caitriona Moughan","article_modified_time":"2023-10-11T12:04:46+00:00","og_image":[{"url":"https:\/\/caitriona-moughan-psy.com\/wp-content\/uploads\/2023\/08\/doctolibrendezvous.png","type":"","width":"","height":""}],"twitter_card":"summary_large_image","twitter_misc":{"Est. reading time":"1 minute"},"schema":{"@context":"https:\/\/schema.org","@graph":[{"@type":"WebPage","@id":"https:\/\/caitriona-moughan-psy.com\/index.php\/rdv\/","url":"https:\/\/caitriona-moughan-psy.com\/index.php\/rdv\/","name":"Me contacter - Caitriona Moughan","isPartOf":{"@id":"https:\/\/caitriona-moughan-psy.com\/#website"},"primaryImageOfPage":{"@id":"https:\/\/caitriona-moughan-psy.com\/index.php\/rdv\/#primaryimage"},"image":{"@id":"https:\/\/caitriona-moughan-psy.com\/index.php\/rdv\/#primaryimage"},"thumbnailUrl":"https:\/\/caitriona-moughan-psy.com\/wp-content\/uploads\/2023\/08\/doctolibrendezvous.png","datePublished":"2023-08-09T13:16:41+00:00","dateModified":"2023-10-11T12:04:46+00:00","description":"Caitriona Moughan psychologue clinicienne - (Psychologue, clinicien, Toulon, psychoth\u00e9rapie, psychoth\u00e9rapie de groupe, supervision, m\u00e9diations","breadcrumb":{"@id":"https:\/\/caitriona-moughan-psy.com\/index.php\/rdv\/#breadcrumb"},"inLanguage":"en-US","potentialAction":[{"@type":"ReadAction","target":["https:\/\/caitriona-moughan-psy.com\/index.php\/rdv\/"]}]},{"@type":"ImageObject","inLanguage":"en-US","@id":"https:\/\/caitriona-moughan-psy.com\/index.php\/rdv\/#primaryimage","url":"https:\/\/caitriona-moughan-psy.com\/wp-content\/uploads\/2023\/08\/doctolibrendezvous.png","contentUrl":"https:\/\/caitriona-moughan-psy.com\/wp-content\/uploads\/2023\/08\/doctolibrendezvous.png"},{"@type":"BreadcrumbList","@id":"https:\/\/caitriona-moughan-psy.com\/index.php\/rdv\/#breadcrumb","itemListElement":[{"@type":"ListItem","position":1,"name":"Home","item":"https:\/\/caitriona-moughan-psy.com\/"},{"@type":"ListItem","position":2,"name":"Me contacter"}]},{"@type":"WebSite","@id":"https:\/\/caitriona-moughan-psy.com\/#website","url":"https:\/\/caitriona-moughan-psy.com\/","name":"Caitriona Moughan Psychologue clinicienne","description":"Psychologue  clinicienne et psychoth\u00e9rapeute.","publisher":{"@id":"https:\/\/caitriona-moughan-psy.com\/#organization"},"alternateName":"Psychologue clinicienne","potentialAction":[{"@type":"SearchAction","target":{"@type":"EntryPoint","urlTemplate":"https:\/\/caitriona-moughan-psy.com\/?s={search_term_string}"},"query-input":{"@type":"PropertyValueSpecification","valueRequired":true,"valueName":"search_term_string"}}],"inLanguage":"en-US"},{"@type":"Organization","@id":"https:\/\/caitriona-moughan-psy.com\/#organization","name":"Psychologue clinicienne - Caitriona Moughan","alternateName":"Psychologue clinicienne - Caitriona Moughan","url":"https:\/\/caitriona-moughan-psy.com\/","logo":{"@type":"ImageObject","inLanguage":"en-US","@id":"https:\/\/caitriona-moughan-psy.com\/#\/schema\/logo\/image\/","url":"https:\/\/caitriona-moughan-psy.com\/wp-content\/uploads\/2023\/08\/brain-1.png","contentUrl":"https:\/\/caitriona-moughan-psy.com\/wp-content\/uploads\/2023\/08\/brain-1.png","width":512,"height":512,"caption":"Psychologue clinicienne - Caitriona Moughan"},"image":{"@id":"https:\/\/caitriona-moughan-psy.com\/#\/schema\/logo\/image\/"}}]}},"_links":{"self":[{"href":"https:\/\/caitriona-moughan-psy.com\/index.php\/wp-json\/wp\/v2\/pages\/55","targetHints":{"allow":["GET"]}}],"collection":[{"href":"https:\/\/caitriona-moughan-psy.com\/index.php\/wp-json\/wp\/v2\/pages"}],"about":[{"href":"https:\/\/caitriona-moughan-psy.com\/index.php\/wp-json\/wp\/v2\/types\/page"}],"author":[{"embeddable":true,"href":"https:\/\/caitriona-moughan-psy.com\/index.php\/wp-json\/wp\/v2\/users\/1"}],"replies":[{"embeddable":true,"href":"https:\/\/caitriona-moughan-psy.com\/index.php\/wp-json\/wp\/v2\/comments?post=55"}],"version-history":[{"count":29,"href":"https:\/\/caitriona-moughan-psy.com\/index.php\/wp-json\/wp\/v2\/pages\/55\/revisions"}],"predecessor-version":[{"id":453,"href":"https:\/\/caitriona-moughan-psy.com\/index.php\/wp-json\/wp\/v2\/pages\/55\/revisions\/453"}],"wp:attachment":[{"href":"https:\/\/caitriona-moughan-psy.com\/index.php\/wp-json\/wp\/v2\/media?parent=55"}],"curies":[{"name":"wp","href":"https:\/\/api.w.org\/{rel}","templated":true}]}}